{"id":3408,"date":"2021-02-10T11:02:39","date_gmt":"2021-02-10T10:02:39","guid":{"rendered":"https:\/\/www.gouffre-de-cabrespine.com\/coupons-de-reduction-et-partenariats\/"},"modified":"2025-03-18T10:43:54","modified_gmt":"2025-03-18T09:43:54","slug":"coupons-de-reduction-et-partenariats","status":"publish","type":"page","link":"https:\/\/www.gouffre-de-cabrespine.com\/es\/coupons-de-reduction-et-partenariats\/","title":{"rendered":"Coupons de r\u00e9duction et partenariats"},"content":{"rendered":"<div class=\"fusion-fullwidth fullwidth-box fusion-builder-row-1 fusion-flex-container nonhundred-percent-fullwidth non-hundred-percent-height-scrolling\" style=\"--awb-border-radius-top-left:0px;--awb-border-radius-top-right:0px;--awb-border-radius-bottom-right:0px;--awb-border-radius-bottom-left:0px;--awb-flex-wrap:wrap;\" ><div class=\"fusion-builder-row fusion-row fusion-flex-align-items-flex-start fusion-flex-content-wrap\" style=\"max-width:1456px;margin-left: calc(-4% \/ 2 );margin-right: calc(-4% \/ 2 );\"><div class=\"fusion-layout-column fusion_builder_column fusion-builder-column-0 fusion_builder_column_1_1 1_1 fusion-flex-column\" style=\"--awb-bg-size:cover;--awb-width-large:100%;--awb-margin-top-large:0px;--awb-spacing-right-large:1.92%;--awb-margin-bottom-large:0px;--awb-spacing-left-large:1.92%;--awb-width-medium:100%;--awb-spacing-right-medium:1.92%;--awb-spacing-left-medium:1.92%;--awb-width-small:100%;--awb-spacing-right-small:1.92%;--awb-spacing-left-small:1.92%;\"><div class=\"fusion-column-wrapper fusion-flex-justify-content-flex-start fusion-content-layout-column\"><div class=\"fusion-text fusion-text-1\"><p data-start=\"139\" data-end=\"211\"><strong data-start=\"139\" data-end=\"209\">B\u00e9n\u00e9ficiez de tarifs pr\u00e9f\u00e9rentiels gr\u00e2ce \u00e0 la r\u00e9servation en ligne<\/strong><\/p>\n<p data-start=\"213\" data-end=\"599\">Pour profiter de nos tarifs pr\u00e9f\u00e9rentiels via la r\u00e9servation en ligne, vous devez disposer d\u2019une offre de r\u00e9duction en cours de validit\u00e9 parmi celles list\u00e9es ci-dessous.<br data-start=\"382\" data-end=\"385\" \/>Le jour de votre visite, un justificatif vous sera demand\u00e9 afin de valider votre r\u00e9servation et l\u2019application du tarif r\u00e9duit.<br data-start=\"511\" data-end=\"514\" \/>En l\u2019absence de justificatif, un compl\u00e9ment vous sera demand\u00e9 pour acc\u00e9der au site.<\/p>\n<h3 data-start=\"601\" data-end=\"645\"><strong data-start=\"605\" data-end=\"643\">Partenariats Comit\u00e9s d\u2019Entreprises<\/strong><\/h3>\n<ul data-start=\"646\" data-end=\"1591\">\n<li data-start=\"646\" data-end=\"712\"><strong data-start=\"648\" data-end=\"663\">Carte Cezam<\/strong> (valable pour le porteur et ses accompagnants)<\/li>\n<li data-start=\"713\" data-end=\"809\"><strong data-start=\"715\" data-end=\"760\">Carte COS AZUREVA 11 \/ La Poste et Orange<\/strong> (valable pour le porteur et ses accompagnants)<\/li>\n<li data-start=\"810\" data-end=\"892\"><strong data-start=\"812\" data-end=\"843\">Carte COS Carcassonne Agglo<\/strong> (valable pour le porteur et ses accompagnants)<\/li>\n<li data-start=\"893\" data-end=\"980\"><strong data-start=\"895\" data-end=\"932\">Carte COS de la Ville de Narbonne<\/strong> (valable pour le porteur et ses ayants droit)<\/li>\n<li data-start=\"981\" data-end=\"1088\"><strong data-start=\"983\" data-end=\"1040\">Carte Professionnelle Universit\u00e9 Toulouse Jean Jaur\u00e8s<\/strong> (valable pour le porteur et ses ayants droit)<\/li>\n<li data-start=\"1089\" data-end=\"1161\"><strong data-start=\"1091\" data-end=\"1112\">CSE VALEO MAZAMET<\/strong> (valable pour le porteur et ses accompagnants)<\/li>\n<li data-start=\"1162\" data-end=\"1241\"><strong data-start=\"1164\" data-end=\"1192\">Carte Allianz Comit\u00e9 ASC<\/strong> (valable pour le porteur et ses accompagnants)<\/li>\n<li data-start=\"1242\" data-end=\"1311\"><strong data-start=\"1244\" data-end=\"1262\">Carte Club NGE<\/strong> (valable pour le porteur et ses accompagnants)<\/li>\n<li data-start=\"1312\" data-end=\"1377\"><strong data-start=\"1314\" data-end=\"1328\">Carte CNAS<\/strong> (valable pour le porteur et ses accompagnants)<\/li>\n<li data-start=\"1378\" data-end=\"1453\"><strong data-start=\"1380\" data-end=\"1404\">Carte CSE Biomedilab<\/strong> (valable pour le porteur et ses accompagnants)<\/li>\n<li data-start=\"1454\" data-end=\"1522\"><strong data-start=\"1456\" data-end=\"1473\">Carte HPGN 11<\/strong> (valable pour le porteur et ses accompagnants)<\/li>\n<li data-start=\"1523\" data-end=\"1591\"><strong data-start=\"1525\" data-end=\"1542\">Badge Socamil<\/strong> (valable pour le porteur et ses accompagnants)<\/li>\n<\/ul>\n<h3 data-start=\"1593\" data-end=\"1636\"><strong data-start=\"1597\" data-end=\"1634\">Partenariats R\u00e9seaux Touristiques<\/strong><\/h3>\n<ul data-start=\"1637\" data-end=\"1922\">\n<li data-start=\"1637\" data-end=\"1696\"><strong data-start=\"1639\" data-end=\"1647\">TPPO<\/strong> (valable pour le porteur et ses accompagnants)<\/li>\n<li data-start=\"1697\" data-end=\"1768\"><strong data-start=\"1699\" data-end=\"1711\">L\u2019Oulibo<\/strong> (Passeport Odyss\u00e9e &#8211; valable pour 2 personnes maximum)<\/li>\n<li data-start=\"1769\" data-end=\"1845\"><strong data-start=\"1771\" data-end=\"1789\">Visite Passion<\/strong> (coupon valable pour le porteur et ses accompagnants)<\/li>\n<li data-start=\"1846\" data-end=\"1922\"><strong data-start=\"1848\" data-end=\"1867\">Totem de l\u2019info<\/strong> (Passeport Totem &#8211; valable pour 2 personnes maximum)<\/li>\n<\/ul>\n<h3 data-start=\"1924\" data-end=\"1966\"><strong data-start=\"1928\" data-end=\"1964\">Partenariats Offices du Tourisme<\/strong><\/h3>\n<ul data-start=\"1967\" data-end=\"2034\">\n<li data-start=\"1967\" data-end=\"2034\"><strong data-start=\"1969\" data-end=\"1983\">Carca Pass<\/strong> (valable uniquement pour le porteur de la carte)<\/li>\n<\/ul>\n<h3 data-start=\"2036\" data-end=\"2065\"><strong data-start=\"2040\" data-end=\"2063\">Partenariats Divers<\/strong><\/h3>\n<ul data-start=\"2066\" data-end=\"2273\">\n<li data-start=\"2066\" data-end=\"2131\"><strong data-start=\"2068\" data-end=\"2080\">ActiCity<\/strong> (valable uniquement pour le porteur de la carte)<\/li>\n<li data-start=\"2132\" data-end=\"2207\"><strong data-start=\"2134\" data-end=\"2176\">Amicale Interminist\u00e9rielle de l\u2019Ari\u00e8ge<\/strong> (valable pour les adh\u00e9rents)<\/li>\n<li data-start=\"2208\" data-end=\"2273\"><strong data-start=\"2210\" data-end=\"2227\">Adh\u00e9rent FFTS<\/strong> (valable sur pr\u00e9sentation de la carte pass)<\/li>\n<\/ul>\n<\/div><\/div><\/div><\/div><\/div>\n<span class=\"et_bloom_bottom_trigger\"><\/span>","protected":false},"excerpt":{"rendered":"","protected":false},"author":3,"featured_media":0,"parent":0,"menu_order":0,"comment_status":"closed","ping_status":"closed","template":"","meta":{"_acf_changed":false,"inline_featured_image":false,"footnotes":""},"class_list":["post-3408","page","type-page","status-publish","hentry"],"acf":[],"yoast_head":"<!-- This site is optimized with the Yoast SEO plugin v26.8 - https:\/\/yoast.com\/product\/yoast-seo-wordpress\/ -->\n<title>R\u00e9ductions et partenariats | Gouffre G\u00e9ant de Cabrespine<\/title>\n<meta name=\"description\" content=\"D\u00e9couvrez la liste de nos coupons de r\u00e9ductions et partenariats pour l&#039;ann\u00e9e en cours.\" \/>\n<meta name=\"robots\" content=\"index, follow, max-snippet:-1, max-image-preview:large, max-video-preview:-1\" \/>\n<link rel=\"canonical\" href=\"https:\/\/www.gouffre-de-cabrespine.com\/es\/coupons-de-reduction-et-partenariats\/\" \/>\n<meta property=\"og:locale\" content=\"es_ES\" \/>\n<meta property=\"og:type\" content=\"article\" \/>\n<meta property=\"og:title\" content=\"R\u00e9ductions et partenariats | Gouffre G\u00e9ant de Cabrespine\" \/>\n<meta property=\"og:description\" content=\"D\u00e9couvrez la liste de nos coupons de r\u00e9ductions et partenariats pour l&#039;ann\u00e9e en cours.\" \/>\n<meta property=\"og:url\" content=\"https:\/\/www.gouffre-de-cabrespine.com\/es\/coupons-de-reduction-et-partenariats\/\" \/>\n<meta property=\"og:site_name\" content=\"Gouffre G\u00e9ant de Cabrespine\" \/>\n<meta property=\"article:modified_time\" content=\"2025-03-18T09:43:54+00:00\" \/>\n<meta name=\"twitter:card\" content=\"summary_large_image\" \/>\n<meta name=\"twitter:label1\" content=\"Tiempo de lectura\" \/>\n\t<meta name=\"twitter:data1\" content=\"2 minutos\" \/>\n<script type=\"application\/ld+json\" class=\"yoast-schema-graph\">{\"@context\":\"https:\/\/schema.org\",\"@graph\":[{\"@type\":\"WebPage\",\"@id\":\"https:\/\/www.gouffre-de-cabrespine.com\/es\/coupons-de-reduction-et-partenariats\/\",\"url\":\"https:\/\/www.gouffre-de-cabrespine.com\/es\/coupons-de-reduction-et-partenariats\/\",\"name\":\"R\u00e9ductions et partenariats | Gouffre G\u00e9ant de Cabrespine\",\"isPartOf\":{\"@id\":\"https:\/\/www.gouffre-de-cabrespine.com\/#website\"},\"datePublished\":\"2021-02-10T10:02:39+00:00\",\"dateModified\":\"2025-03-18T09:43:54+00:00\",\"description\":\"D\u00e9couvrez la liste de nos coupons de r\u00e9ductions et partenariats pour l'ann\u00e9e en cours.\",\"breadcrumb\":{\"@id\":\"https:\/\/www.gouffre-de-cabrespine.com\/es\/coupons-de-reduction-et-partenariats\/#breadcrumb\"},\"inLanguage\":\"es\",\"potentialAction\":[{\"@type\":\"ReadAction\",\"target\":[\"https:\/\/www.gouffre-de-cabrespine.com\/es\/coupons-de-reduction-et-partenariats\/\"]}]},{\"@type\":\"BreadcrumbList\",\"@id\":\"https:\/\/www.gouffre-de-cabrespine.com\/es\/coupons-de-reduction-et-partenariats\/#breadcrumb\",\"itemListElement\":[{\"@type\":\"ListItem\",\"position\":1,\"name\":\"Accueil\",\"item\":\"https:\/\/www.gouffre-de-cabrespine.com\/es\/\"},{\"@type\":\"ListItem\",\"position\":2,\"name\":\"Coupons de r\u00e9duction et partenariats\"}]},{\"@type\":\"WebSite\",\"@id\":\"https:\/\/www.gouffre-de-cabrespine.com\/#website\",\"url\":\"https:\/\/www.gouffre-de-cabrespine.com\/\",\"name\":\"Gouffre G\u00e9ant de Cabrespine\",\"description\":\"Plongez au coeur du Gouffre G\u00e9ant de Cabrespine\",\"potentialAction\":[{\"@type\":\"SearchAction\",\"target\":{\"@type\":\"EntryPoint\",\"urlTemplate\":\"https:\/\/www.gouffre-de-cabrespine.com\/?s={search_term_string}\"},\"query-input\":{\"@type\":\"PropertyValueSpecification\",\"valueRequired\":true,\"valueName\":\"search_term_string\"}}],\"inLanguage\":\"es\"}]}<\/script>\n<!-- \/ Yoast SEO plugin. -->","yoast_head_json":{"title":"R\u00e9ductions et partenariats | Gouffre G\u00e9ant de Cabrespine","description":"D\u00e9couvrez la liste de nos coupons de r\u00e9ductions et partenariats pour l'ann\u00e9e en cours.","robots":{"index":"index","follow":"follow","max-snippet":"max-snippet:-1","max-image-preview":"max-image-preview:large","max-video-preview":"max-video-preview:-1"},"canonical":"https:\/\/www.gouffre-de-cabrespine.com\/es\/coupons-de-reduction-et-partenariats\/","og_locale":"es_ES","og_type":"article","og_title":"R\u00e9ductions et partenariats | Gouffre G\u00e9ant de Cabrespine","og_description":"D\u00e9couvrez la liste de nos coupons de r\u00e9ductions et partenariats pour l'ann\u00e9e en cours.","og_url":"https:\/\/www.gouffre-de-cabrespine.com\/es\/coupons-de-reduction-et-partenariats\/","og_site_name":"Gouffre G\u00e9ant de Cabrespine","article_modified_time":"2025-03-18T09:43:54+00:00","twitter_card":"summary_large_image","twitter_misc":{"Tiempo de lectura":"2 minutos"},"schema":{"@context":"https:\/\/schema.org","@graph":[{"@type":"WebPage","@id":"https:\/\/www.gouffre-de-cabrespine.com\/es\/coupons-de-reduction-et-partenariats\/","url":"https:\/\/www.gouffre-de-cabrespine.com\/es\/coupons-de-reduction-et-partenariats\/","name":"R\u00e9ductions et partenariats | Gouffre G\u00e9ant de Cabrespine","isPartOf":{"@id":"https:\/\/www.gouffre-de-cabrespine.com\/#website"},"datePublished":"2021-02-10T10:02:39+00:00","dateModified":"2025-03-18T09:43:54+00:00","description":"D\u00e9couvrez la liste de nos coupons de r\u00e9ductions et partenariats pour l'ann\u00e9e en cours.","breadcrumb":{"@id":"https:\/\/www.gouffre-de-cabrespine.com\/es\/coupons-de-reduction-et-partenariats\/#breadcrumb"},"inLanguage":"es","potentialAction":[{"@type":"ReadAction","target":["https:\/\/www.gouffre-de-cabrespine.com\/es\/coupons-de-reduction-et-partenariats\/"]}]},{"@type":"BreadcrumbList","@id":"https:\/\/www.gouffre-de-cabrespine.com\/es\/coupons-de-reduction-et-partenariats\/#breadcrumb","itemListElement":[{"@type":"ListItem","position":1,"name":"Accueil","item":"https:\/\/www.gouffre-de-cabrespine.com\/es\/"},{"@type":"ListItem","position":2,"name":"Coupons de r\u00e9duction et partenariats"}]},{"@type":"WebSite","@id":"https:\/\/www.gouffre-de-cabrespine.com\/#website","url":"https:\/\/www.gouffre-de-cabrespine.com\/","name":"Gouffre G\u00e9ant de Cabrespine","description":"Plongez au coeur du Gouffre G\u00e9ant de Cabrespine","potentialAction":[{"@type":"SearchAction","target":{"@type":"EntryPoint","urlTemplate":"https:\/\/www.gouffre-de-cabrespine.com\/?s={search_term_string}"},"query-input":{"@type":"PropertyValueSpecification","valueRequired":true,"valueName":"search_term_string"}}],"inLanguage":"es"}]}},"_links":{"self":[{"href":"https:\/\/www.gouffre-de-cabrespine.com\/es\/wp-json\/wp\/v2\/pages\/3408","targetHints":{"allow":["GET"]}}],"collection":[{"href":"https:\/\/www.gouffre-de-cabrespine.com\/es\/wp-json\/wp\/v2\/pages"}],"about":[{"href":"https:\/\/www.gouffre-de-cabrespine.com\/es\/wp-json\/wp\/v2\/types\/page"}],"author":[{"embeddable":true,"href":"https:\/\/www.gouffre-de-cabrespine.com\/es\/wp-json\/wp\/v2\/users\/3"}],"replies":[{"embeddable":true,"href":"https:\/\/www.gouffre-de-cabrespine.com\/es\/wp-json\/wp\/v2\/comments?post=3408"}],"version-history":[{"count":18,"href":"https:\/\/www.gouffre-de-cabrespine.com\/es\/wp-json\/wp\/v2\/pages\/3408\/revisions"}],"predecessor-version":[{"id":9230,"href":"https:\/\/www.gouffre-de-cabrespine.com\/es\/wp-json\/wp\/v2\/pages\/3408\/revisions\/9230"}],"wp:attachment":[{"href":"https:\/\/www.gouffre-de-cabrespine.com\/es\/wp-json\/wp\/v2\/media?parent=3408"}],"curies":[{"name":"wp","href":"https:\/\/api.w.org\/{rel}","templated":true}]}}