{"id":1931,"date":"2020-06-05T15:19:02","date_gmt":"2020-06-05T13:19:02","guid":{"rendered":"https:\/\/www.gouffre-de-cabrespine.com\/recompenses\/"},"modified":"2024-05-15T17:50:49","modified_gmt":"2024-05-15T15:50:49","slug":"recompensas-2","status":"publish","type":"page","link":"https:\/\/www.gouffre-de-cabrespine.com\/es\/recompensas-2\/","title":{"rendered":"Recompensas"},"content":{"rendered":"<div class=\"fusion-fullwidth fullwidth-box fusion-builder-row-1 nonhundred-percent-fullwidth non-hundred-percent-height-scrolling\" style=\"--awb-border-radius-top-left:0px;--awb-border-radius-top-right:0px;--awb-border-radius-bottom-right:0px;--awb-border-radius-bottom-left:0px;--awb-flex-wrap:wrap;\" ><div class=\"fusion-builder-row fusion-row\"><div class=\"fusion-layout-column fusion_builder_column fusion-builder-column-0 fusion_builder_column_1_1 1_1 fusion-one-full fusion-column-first fusion-column-last\" style=\"--awb-bg-size:cover;\"><div class=\"fusion-column-wrapper fusion-column-has-shadow fusion-flex-column-wrapper-legacy\"><div class=\"fusion-text fusion-text-1\"><div class=\"fusion-layout-column fusion_builder_column fusion-builder-column-0 fusion_builder_column_1_1 1_1 fusion-one-full fusion-column-first fusion-column-last\">\n<div class=\"fusion-column-wrapper fusion-flex-column-wrapper-legacy\">\n<div class=\"fusion-text fusion-text-1\">\n<p style=\"text-align: center;\">Gracias a su calidad de hospitalidad y sus instalaciones, de la Sima Gigante de Cabrespine ha recibido los siguientes etiquetados.<\/p>\n<\/div>\n<\/div>\n<\/div>\n<\/div><div class=\"fusion-clearfix\"><\/div><\/div><\/div><div class=\"fusion-layout-column fusion_builder_column fusion-builder-column-1 fusion_builder_column_1_4 1_4 fusion-one-fourth fusion-column-first\" style=\"--awb-bg-size:cover;width:25%;width:calc(25% - ( ( 4% + 4% + 4% ) * 0.25 ) );margin-right: 4%;\"><div class=\"fusion-column-wrapper fusion-column-has-shadow fusion-flex-column-wrapper-legacy\"><div class=\"fusion-clearfix\"><\/div><\/div><\/div><div class=\"fusion-layout-column fusion_builder_column fusion-builder-column-2 fusion_builder_column_1_4 1_4 fusion-one-fourth\" style=\"--awb-bg-size:cover;width:25%;width:calc(25% - ( ( 4% + 4% + 4% ) * 0.25 ) );margin-right: 4%;\"><div class=\"fusion-column-wrapper fusion-column-has-shadow fusion-flex-column-wrapper-legacy\"><div class=\"fusion-text fusion-text-2\"><p style=\"text-align: center;\"><strong>Le Petit Fut\u00e9<\/strong><\/p>\n<\/div><div class=\"fusion-text fusion-text-3\"><p><img decoding=\"async\" class=\"aligncenter wp-image-7957\" src=\"https:\/\/www.gouffre-de-cabrespine.com\/wp-content\/uploads\/2024\/05\/BOPLAQUE25.webp\" alt=\"\" width=\"107\" height=\"169\" \/><\/p>\n<\/div><div class=\"fusion-clearfix\"><\/div><\/div><\/div><div class=\"fusion-layout-column fusion_builder_column fusion-builder-column-3 fusion_builder_column_1_4 1_4 fusion-one-fourth\" style=\"--awb-bg-size:cover;width:25%;width:calc(25% - ( ( 4% + 4% + 4% ) * 0.25 ) );margin-right: 4%;\"><div class=\"fusion-column-wrapper fusion-column-has-shadow fusion-flex-column-wrapper-legacy\"><div class=\"fusion-text fusion-text-4\"><p style=\"text-align: center;\"><strong>Trip Advisor<\/strong><\/p>\n<\/div><div class=\"fusion-text fusion-text-5\"><p><img decoding=\"async\" class=\"wp-image-7965 aligncenter\" src=\"https:\/\/www.gouffre-de-cabrespine.com\/wp-content\/uploads\/2024\/05\/TC-LOGO_2024-1.webp\" alt=\"\" width=\"220\" height=\"169\" srcset=\"https:\/\/www.gouffre-de-cabrespine.com\/wp-content\/uploads\/2024\/05\/TC-LOGO_2024-1-200x154.webp 200w, https:\/\/www.gouffre-de-cabrespine.com\/wp-content\/uploads\/2024\/05\/TC-LOGO_2024-1-300x231.webp 300w, https:\/\/www.gouffre-de-cabrespine.com\/wp-content\/uploads\/2024\/05\/TC-LOGO_2024-1-400x308.webp 400w, https:\/\/www.gouffre-de-cabrespine.com\/wp-content\/uploads\/2024\/05\/TC-LOGO_2024-1-600x462.webp 600w, https:\/\/www.gouffre-de-cabrespine.com\/wp-content\/uploads\/2024\/05\/TC-LOGO_2024-1-610x470.webp 610w, https:\/\/www.gouffre-de-cabrespine.com\/wp-content\/uploads\/2024\/05\/TC-LOGO_2024-1-757x583.webp 757w, https:\/\/www.gouffre-de-cabrespine.com\/wp-content\/uploads\/2024\/05\/TC-LOGO_2024-1-768x591.webp 768w, https:\/\/www.gouffre-de-cabrespine.com\/wp-content\/uploads\/2024\/05\/TC-LOGO_2024-1-800x616.webp 800w, https:\/\/www.gouffre-de-cabrespine.com\/wp-content\/uploads\/2024\/05\/TC-LOGO_2024-1-870x670.webp 870w, https:\/\/www.gouffre-de-cabrespine.com\/wp-content\/uploads\/2024\/05\/TC-LOGO_2024-1-1024x788.webp 1024w, https:\/\/www.gouffre-de-cabrespine.com\/wp-content\/uploads\/2024\/05\/TC-LOGO_2024-1-1200x924.webp 1200w, https:\/\/www.gouffre-de-cabrespine.com\/wp-content\/uploads\/2024\/05\/TC-LOGO_2024-1-1536x1182.webp 1536w, https:\/\/www.gouffre-de-cabrespine.com\/wp-content\/uploads\/2024\/05\/TC-LOGO_2024-1.webp 1728w\" sizes=\"(max-width: 220px) 100vw, 220px\" \/><\/p>\n<\/div><div class=\"fusion-clearfix\"><\/div><\/div><\/div><div class=\"fusion-layout-column fusion_builder_column fusion-builder-column-4 fusion_builder_column_1_4 1_4 fusion-one-fourth fusion-column-last\" style=\"--awb-bg-size:cover;width:25%;width:calc(25% - ( ( 4% + 4% + 4% ) * 0.25 ) );\"><div class=\"fusion-column-wrapper fusion-column-has-shadow fusion-flex-column-wrapper-legacy\"><div class=\"fusion-clearfix\"><\/div><\/div><\/div><div class=\"fusion-layout-column fusion_builder_column fusion-builder-column-5 fusion_builder_column_1_4 1_4 fusion-one-fourth fusion-column-first\" style=\"--awb-bg-size:cover;width:25%;width:calc(25% - ( ( 4% + 4% + 4% ) * 0.25 ) );margin-right: 4%;\"><div class=\"fusion-column-wrapper fusion-column-has-shadow fusion-flex-column-wrapper-legacy\"><div class=\"fusion-text fusion-text-6\"><p style=\"text-align: center;\"><strong>Qualit\u00e9 Tourisme Occitanie<\/strong><\/p>\n<\/div><div class=\"fusion-image-element in-legacy-container\" style=\"--awb-caption-title-font-family:var(--h2_typography-font-family);--awb-caption-title-font-weight:var(--h2_typography-font-weight);--awb-caption-title-font-style:var(--h2_typography-font-style);--awb-caption-title-size:var(--h2_typography-font-size);--awb-caption-title-transform:var(--h2_typography-text-transform);--awb-caption-title-line-height:var(--h2_typography-line-height);--awb-caption-title-letter-spacing:var(--h2_typography-letter-spacing);\"><span class=\" fusion-imageframe imageframe-none imageframe-1 hover-type-none\"><a class=\"fusion-no-lightbox\" href=\"https:\/\/qualite-tourisme-occitanie.fr\/\" target=\"_blank\" aria-label=\"image-recadr\u00e9\" rel=\"noopener noreferrer\"><img decoding=\"async\" width=\"500\" height=\"200\" alt=\"qualit\u00e9 tourisme occitanie\" src=\"https:\/\/www.gouffre-de-cabrespine.com\/wp-content\/uploads\/2021\/02\/image-recadre.png\" class=\"img-responsive wp-image-3492\" srcset=\"https:\/\/www.gouffre-de-cabrespine.com\/wp-content\/uploads\/2021\/02\/image-recadre-200x80.png 200w, https:\/\/www.gouffre-de-cabrespine.com\/wp-content\/uploads\/2021\/02\/image-recadre-400x160.png 400w, https:\/\/www.gouffre-de-cabrespine.com\/wp-content\/uploads\/2021\/02\/image-recadre.png 500w\" sizes=\"(max-width: 800px) 100vw, 400px\" \/><\/a><\/span><\/div><div class=\"fusion-text fusion-text-7\"><p><!--more--><\/p>\n<p style=\"text-align: center;\">Atestiguar la calidad de los servicios y servicios in situ, as\u00ed como la exactitud y relevancia del discurso de mediaci\u00f3n devuelto al p\u00fablico.<\/p>\n<\/div><div class=\"fusion-clearfix\"><\/div><\/div><\/div><div class=\"fusion-layout-column fusion_builder_column fusion-builder-column-6 fusion_builder_column_1_4 1_4 fusion-one-fourth\" style=\"--awb-bg-size:cover;width:25%;width:calc(25% - ( ( 4% + 4% + 4% ) * 0.25 ) );margin-right: 4%;\"><div class=\"fusion-column-wrapper fusion-column-has-shadow fusion-flex-column-wrapper-legacy\"><div class=\"fusion-text fusion-text-8\"><p style=\"text-align: center;\"><strong>L&#8217;Aude, l&#8217;\u00c2me Sud<\/strong><\/p>\n<\/div><div class=\"fusion-image-element in-legacy-container\" style=\"--awb-caption-title-font-family:var(--h2_typography-font-family);--awb-caption-title-font-weight:var(--h2_typography-font-weight);--awb-caption-title-font-style:var(--h2_typography-font-style);--awb-caption-title-size:var(--h2_typography-font-size);--awb-caption-title-transform:var(--h2_typography-text-transform);--awb-caption-title-line-height:var(--h2_typography-line-height);--awb-caption-title-letter-spacing:var(--h2_typography-letter-spacing);\"><span class=\" fusion-imageframe imageframe-none imageframe-2 hover-type-none\"><a class=\"fusion-no-lightbox\" href=\"https:\/\/www.audetourisme.com\/fr\/cest-quoi-laude\/la-marque-pays-cathare\/#:~:text=Reconnaissab\" target=\"_blank\" aria-label=\"marqueur-laudelamesud-droite-orange-rvb\" rel=\"noopener noreferrer\"><img decoding=\"async\" width=\"3533\" height=\"2002\" src=\"https:\/\/www.gouffre-de-cabrespine.com\/wp-content\/uploads\/2024\/05\/marqueur-laudelamesud-droite-orange-rvb.png\" alt class=\"img-responsive wp-image-7951\" srcset=\"https:\/\/www.gouffre-de-cabrespine.com\/wp-content\/uploads\/2024\/05\/marqueur-laudelamesud-droite-orange-rvb-200x113.png 200w, https:\/\/www.gouffre-de-cabrespine.com\/wp-content\/uploads\/2024\/05\/marqueur-laudelamesud-droite-orange-rvb-400x227.png 400w, https:\/\/www.gouffre-de-cabrespine.com\/wp-content\/uploads\/2024\/05\/marqueur-laudelamesud-droite-orange-rvb-600x340.png 600w, https:\/\/www.gouffre-de-cabrespine.com\/wp-content\/uploads\/2024\/05\/marqueur-laudelamesud-droite-orange-rvb-800x453.png 800w, https:\/\/www.gouffre-de-cabrespine.com\/wp-content\/uploads\/2024\/05\/marqueur-laudelamesud-droite-orange-rvb-1200x680.png 1200w, https:\/\/www.gouffre-de-cabrespine.com\/wp-content\/uploads\/2024\/05\/marqueur-laudelamesud-droite-orange-rvb.png 3533w\" sizes=\"(max-width: 800px) 100vw, 400px\" \/><\/a><\/span><\/div><div class=\"fusion-text fusion-text-9\"><p><!--more--><\/p>\n<p style=\"text-align: center;\">Atestiguar una acogida privilegiada por profesionales apasionados que transmiten la historia y la cultura de Aude.<\/p>\n<\/div><div class=\"fusion-clearfix\"><\/div><\/div><\/div><div class=\"fusion-layout-column fusion_builder_column fusion-builder-column-7 fusion_builder_column_1_4 1_4 fusion-one-fourth\" style=\"--awb-bg-size:cover;width:25%;width:calc(25% - ( ( 4% + 4% + 4% ) * 0.25 ) );margin-right: 4%;\"><div class=\"fusion-column-wrapper fusion-column-has-shadow fusion-flex-column-wrapper-legacy\"><div class=\"fusion-text fusion-text-10\"><p style=\"text-align: center;\"><strong>Vignobles et d\u00e9couvertes<\/strong><\/p>\n<\/div><div class=\"fusion-text fusion-text-11\"><p style=\"text-align: center;\"><a href=\"http:\/\/www.atout-france.fr\/services\/le-label-vignobles-decouvertes\" target=\"_blank\" rel=\"noopener\"><img decoding=\"async\" class=\"alignnone wp-image-3497\" src=\"https:\/\/www.gouffre-de-cabrespine.com\/wp-content\/uploads\/2021\/02\/PICTO_VIGNOBLESETDECOUVERTES-Web-recadre.png\" alt=\"\" width=\"108\" height=\"108\" srcset=\"https:\/\/www.gouffre-de-cabrespine.com\/wp-content\/uploads\/2021\/02\/PICTO_VIGNOBLESETDECOUVERTES-Web-recadre-66x66.png 66w, https:\/\/www.gouffre-de-cabrespine.com\/wp-content\/uploads\/2021\/02\/PICTO_VIGNOBLESETDECOUVERTES-Web-recadre-150x150.png 150w, https:\/\/www.gouffre-de-cabrespine.com\/wp-content\/uploads\/2021\/02\/PICTO_VIGNOBLESETDECOUVERTES-Web-recadre.png 200w\" sizes=\"(max-width: 108px) 100vw, 108px\" \/><\/a><\/p>\n<\/div><div class=\"fusion-text fusion-text-12\"><p style=\"text-align: center;\">Distingue los destinos que ofrecen una oferta completa, correspondiente a una pr\u00e1ctica de corta estancia, para el turismo y el vino.<\/p>\n<\/div><div class=\"fusion-clearfix\"><\/div><\/div><\/div><div class=\"fusion-layout-column fusion_builder_column fusion-builder-column-8 fusion_builder_column_1_4 1_4 fusion-one-fourth fusion-column-last\" style=\"--awb-bg-size:cover;width:25%;width:calc(25% - ( ( 4% + 4% + 4% ) * 0.25 ) );\"><div class=\"fusion-column-wrapper fusion-column-has-shadow fusion-flex-column-wrapper-legacy\"><div class=\"fusion-text fusion-text-13\"><p style=\"text-align: center;\"><strong>Tourisme et Handicap<\/strong><\/p>\n<\/div><div class=\"fusion-text fusion-text-14\"><p><img decoding=\"async\" class=\"aligncenter wp-image-4117 size-fusion-400\" src=\"https:\/\/www.gouffre-de-cabrespine.com\/wp-content\/uploads\/2021\/11\/Logo-pour-annee-2022-400x120.png\" alt=\"\" width=\"400\" height=\"120\" srcset=\"https:\/\/www.gouffre-de-cabrespine.com\/wp-content\/uploads\/2021\/11\/Logo-pour-annee-2022-200x60.png 200w, https:\/\/www.gouffre-de-cabrespine.com\/wp-content\/uploads\/2021\/11\/Logo-pour-annee-2022-300x90.png 300w, https:\/\/www.gouffre-de-cabrespine.com\/wp-content\/uploads\/2021\/11\/Logo-pour-annee-2022-400x120.png 400w, https:\/\/www.gouffre-de-cabrespine.com\/wp-content\/uploads\/2021\/11\/Logo-pour-annee-2022-600x179.png 600w, https:\/\/www.gouffre-de-cabrespine.com\/wp-content\/uploads\/2021\/11\/Logo-pour-annee-2022-768x230.png 768w, https:\/\/www.gouffre-de-cabrespine.com\/wp-content\/uploads\/2021\/11\/Logo-pour-annee-2022-800x239.png 800w, https:\/\/www.gouffre-de-cabrespine.com\/wp-content\/uploads\/2021\/11\/Logo-pour-annee-2022.png 806w\" sizes=\"(max-width: 400px) 100vw, 400px\" \/><\/p>\n<\/div><div class=\"fusion-text fusion-text-15\"><p><!--more--><\/p>\n<p style=\"text-align: center;\">Es prueba del compromiso concreto del sitio, as\u00ed como la garant\u00eda de una recepci\u00f3n efectiva y adaptada de acuerdo con el h\u00e1ndicap.<\/p>\n<\/div><div class=\"fusion-clearfix\"><\/div><\/div><\/div><\/div><\/div>\n<span class=\"et_bloom_bottom_trigger\"><\/span>","protected":false},"excerpt":{"rendered":"","protected":false},"author":1,"featured_media":0,"parent":0,"menu_order":0,"comment_status":"closed","ping_status":"closed","template":"","meta":{"_acf_changed":false,"inline_featured_image":false,"footnotes":""},"class_list":["post-1931","page","type-page","status-publish","hentry"],"acf":[],"yoast_head":"<!-- This site is optimized with the Yoast SEO plugin v26.8 - https:\/\/yoast.com\/product\/yoast-seo-wordpress\/ -->\n<title>Recompensas - Gouffre G\u00e9ant de Cabrespine<\/title>\n<meta name=\"robots\" content=\"index, follow, max-snippet:-1, max-image-preview:large, max-video-preview:-1\" \/>\n<link rel=\"canonical\" href=\"https:\/\/www.gouffre-de-cabrespine.com\/es\/recompensas-2\/\" \/>\n<meta property=\"og:locale\" content=\"es_ES\" \/>\n<meta property=\"og:type\" content=\"article\" \/>\n<meta property=\"og:title\" content=\"Recompensas - Gouffre G\u00e9ant de Cabrespine\" \/>\n<meta property=\"og:url\" content=\"https:\/\/www.gouffre-de-cabrespine.com\/es\/recompensas-2\/\" \/>\n<meta property=\"og:site_name\" content=\"Gouffre G\u00e9ant de Cabrespine\" \/>\n<meta property=\"article:modified_time\" content=\"2024-05-15T15:50:49+00:00\" \/>\n<meta property=\"og:image\" content=\"https:\/\/www.gouffre-de-cabrespine.com\/wp-content\/uploads\/2024\/05\/BOPLAQUE25.webp\" \/>\n\t<meta property=\"og:image:width\" content=\"300\" \/>\n\t<meta property=\"og:image:height\" content=\"476\" \/>\n\t<meta property=\"og:image:type\" content=\"image\/webp\" \/>\n<meta name=\"twitter:card\" content=\"summary_large_image\" \/>\n<meta name=\"twitter:label1\" content=\"Tiempo de lectura\" \/>\n\t<meta name=\"twitter:data1\" content=\"16 minutos\" \/>\n<script type=\"application\/ld+json\" class=\"yoast-schema-graph\">{\"@context\":\"https:\/\/schema.org\",\"@graph\":[{\"@type\":\"WebPage\",\"@id\":\"https:\/\/www.gouffre-de-cabrespine.com\/es\/recompensas-2\/\",\"url\":\"https:\/\/www.gouffre-de-cabrespine.com\/es\/recompensas-2\/\",\"name\":\"Recompensas - Gouffre G\u00e9ant de Cabrespine\",\"isPartOf\":{\"@id\":\"https:\/\/www.gouffre-de-cabrespine.com\/#website\"},\"primaryImageOfPage\":{\"@id\":\"https:\/\/www.gouffre-de-cabrespine.com\/es\/recompensas-2\/#primaryimage\"},\"image\":{\"@id\":\"https:\/\/www.gouffre-de-cabrespine.com\/es\/recompensas-2\/#primaryimage\"},\"thumbnailUrl\":\"https:\/\/www.gouffre-de-cabrespine.com\/wp-content\/uploads\/2024\/05\/BOPLAQUE25.webp\",\"datePublished\":\"2020-06-05T13:19:02+00:00\",\"dateModified\":\"2024-05-15T15:50:49+00:00\",\"breadcrumb\":{\"@id\":\"https:\/\/www.gouffre-de-cabrespine.com\/es\/recompensas-2\/#breadcrumb\"},\"inLanguage\":\"es\",\"potentialAction\":[{\"@type\":\"ReadAction\",\"target\":[\"https:\/\/www.gouffre-de-cabrespine.com\/es\/recompensas-2\/\"]}]},{\"@type\":\"ImageObject\",\"inLanguage\":\"es\",\"@id\":\"https:\/\/www.gouffre-de-cabrespine.com\/es\/recompensas-2\/#primaryimage\",\"url\":\"https:\/\/www.gouffre-de-cabrespine.com\/wp-content\/uploads\/2024\/05\/BOPLAQUE25.webp\",\"contentUrl\":\"https:\/\/www.gouffre-de-cabrespine.com\/wp-content\/uploads\/2024\/05\/BOPLAQUE25.webp\"},{\"@type\":\"BreadcrumbList\",\"@id\":\"https:\/\/www.gouffre-de-cabrespine.com\/es\/recompensas-2\/#breadcrumb\",\"itemListElement\":[{\"@type\":\"ListItem\",\"position\":1,\"name\":\"Accueil\",\"item\":\"https:\/\/www.gouffre-de-cabrespine.com\/es\/\"},{\"@type\":\"ListItem\",\"position\":2,\"name\":\"Recompensas\"}]},{\"@type\":\"WebSite\",\"@id\":\"https:\/\/www.gouffre-de-cabrespine.com\/#website\",\"url\":\"https:\/\/www.gouffre-de-cabrespine.com\/\",\"name\":\"Gouffre G\u00e9ant de Cabrespine\",\"description\":\"Plongez au coeur du Gouffre G\u00e9ant de Cabrespine\",\"potentialAction\":[{\"@type\":\"SearchAction\",\"target\":{\"@type\":\"EntryPoint\",\"urlTemplate\":\"https:\/\/www.gouffre-de-cabrespine.com\/?s={search_term_string}\"},\"query-input\":{\"@type\":\"PropertyValueSpecification\",\"valueRequired\":true,\"valueName\":\"search_term_string\"}}],\"inLanguage\":\"es\"}]}<\/script>\n<!-- \/ Yoast SEO plugin. -->","yoast_head_json":{"title":"Recompensas - Gouffre G\u00e9ant de Cabrespine","robots":{"index":"index","follow":"follow","max-snippet":"max-snippet:-1","max-image-preview":"max-image-preview:large","max-video-preview":"max-video-preview:-1"},"canonical":"https:\/\/www.gouffre-de-cabrespine.com\/es\/recompensas-2\/","og_locale":"es_ES","og_type":"article","og_title":"Recompensas - Gouffre G\u00e9ant de Cabrespine","og_url":"https:\/\/www.gouffre-de-cabrespine.com\/es\/recompensas-2\/","og_site_name":"Gouffre G\u00e9ant de Cabrespine","article_modified_time":"2024-05-15T15:50:49+00:00","og_image":[{"width":300,"height":476,"url":"https:\/\/www.gouffre-de-cabrespine.com\/wp-content\/uploads\/2024\/05\/BOPLAQUE25.webp","type":"image\/webp"}],"twitter_card":"summary_large_image","twitter_misc":{"Tiempo de lectura":"16 minutos"},"schema":{"@context":"https:\/\/schema.org","@graph":[{"@type":"WebPage","@id":"https:\/\/www.gouffre-de-cabrespine.com\/es\/recompensas-2\/","url":"https:\/\/www.gouffre-de-cabrespine.com\/es\/recompensas-2\/","name":"Recompensas - Gouffre G\u00e9ant de Cabrespine","isPartOf":{"@id":"https:\/\/www.gouffre-de-cabrespine.com\/#website"},"primaryImageOfPage":{"@id":"https:\/\/www.gouffre-de-cabrespine.com\/es\/recompensas-2\/#primaryimage"},"image":{"@id":"https:\/\/www.gouffre-de-cabrespine.com\/es\/recompensas-2\/#primaryimage"},"thumbnailUrl":"https:\/\/www.gouffre-de-cabrespine.com\/wp-content\/uploads\/2024\/05\/BOPLAQUE25.webp","datePublished":"2020-06-05T13:19:02+00:00","dateModified":"2024-05-15T15:50:49+00:00","breadcrumb":{"@id":"https:\/\/www.gouffre-de-cabrespine.com\/es\/recompensas-2\/#breadcrumb"},"inLanguage":"es","potentialAction":[{"@type":"ReadAction","target":["https:\/\/www.gouffre-de-cabrespine.com\/es\/recompensas-2\/"]}]},{"@type":"ImageObject","inLanguage":"es","@id":"https:\/\/www.gouffre-de-cabrespine.com\/es\/recompensas-2\/#primaryimage","url":"https:\/\/www.gouffre-de-cabrespine.com\/wp-content\/uploads\/2024\/05\/BOPLAQUE25.webp","contentUrl":"https:\/\/www.gouffre-de-cabrespine.com\/wp-content\/uploads\/2024\/05\/BOPLAQUE25.webp"},{"@type":"BreadcrumbList","@id":"https:\/\/www.gouffre-de-cabrespine.com\/es\/recompensas-2\/#breadcrumb","itemListElement":[{"@type":"ListItem","position":1,"name":"Accueil","item":"https:\/\/www.gouffre-de-cabrespine.com\/es\/"},{"@type":"ListItem","position":2,"name":"Recompensas"}]},{"@type":"WebSite","@id":"https:\/\/www.gouffre-de-cabrespine.com\/#website","url":"https:\/\/www.gouffre-de-cabrespine.com\/","name":"Gouffre G\u00e9ant de Cabrespine","description":"Plongez au coeur du Gouffre G\u00e9ant de Cabrespine","potentialAction":[{"@type":"SearchAction","target":{"@type":"EntryPoint","urlTemplate":"https:\/\/www.gouffre-de-cabrespine.com\/?s={search_term_string}"},"query-input":{"@type":"PropertyValueSpecification","valueRequired":true,"valueName":"search_term_string"}}],"inLanguage":"es"}]}},"_links":{"self":[{"href":"https:\/\/www.gouffre-de-cabrespine.com\/es\/wp-json\/wp\/v2\/pages\/1931","targetHints":{"allow":["GET"]}}],"collection":[{"href":"https:\/\/www.gouffre-de-cabrespine.com\/es\/wp-json\/wp\/v2\/pages"}],"about":[{"href":"https:\/\/www.gouffre-de-cabrespine.com\/es\/wp-json\/wp\/v2\/types\/page"}],"author":[{"embeddable":true,"href":"https:\/\/www.gouffre-de-cabrespine.com\/es\/wp-json\/wp\/v2\/users\/1"}],"replies":[{"embeddable":true,"href":"https:\/\/www.gouffre-de-cabrespine.com\/es\/wp-json\/wp\/v2\/comments?post=1931"}],"version-history":[{"count":13,"href":"https:\/\/www.gouffre-de-cabrespine.com\/es\/wp-json\/wp\/v2\/pages\/1931\/revisions"}],"predecessor-version":[{"id":7970,"href":"https:\/\/www.gouffre-de-cabrespine.com\/es\/wp-json\/wp\/v2\/pages\/1931\/revisions\/7970"}],"wp:attachment":[{"href":"https:\/\/www.gouffre-de-cabrespine.com\/es\/wp-json\/wp\/v2\/media?parent=1931"}],"curies":[{"name":"wp","href":"https:\/\/api.w.org\/{rel}","templated":true}]}}