{"id":1918,"date":"2020-04-24T12:57:20","date_gmt":"2020-04-24T10:57:20","guid":{"rendered":"https:\/\/www.gouffre-de-cabrespine.com\/mentions-legales\/"},"modified":"2025-10-16T14:54:55","modified_gmt":"2025-10-16T12:54:55","slug":"mentions-legales","status":"publish","type":"page","link":"https:\/\/www.gouffre-de-cabrespine.com\/es\/mentions-legales\/","title":{"rendered":"Mentions l\u00e9gales"},"content":{"rendered":"<div class=\"fusion-fullwidth fullwidth-box fusion-builder-row-1 fusion-flex-container nonhundred-percent-fullwidth non-hundred-percent-height-scrolling\" style=\"--awb-border-radius-top-left:0px;--awb-border-radius-top-right:0px;--awb-border-radius-bottom-right:0px;--awb-border-radius-bottom-left:0px;--awb-flex-wrap:wrap;\" ><div class=\"fusion-builder-row fusion-row fusion-flex-align-items-flex-start fusion-flex-content-wrap\" style=\"max-width:1456px;margin-left: calc(-4% \/ 2 );margin-right: calc(-4% \/ 2 );\"><div class=\"fusion-layout-column fusion_builder_column fusion-builder-column-0 fusion_builder_column_1_1 1_1 fusion-flex-column\" style=\"--awb-bg-size:cover;--awb-width-large:100%;--awb-margin-top-large:0px;--awb-spacing-right-large:1.92%;--awb-margin-bottom-large:0px;--awb-spacing-left-large:1.92%;--awb-width-medium:100%;--awb-spacing-right-medium:1.92%;--awb-spacing-left-medium:1.92%;--awb-width-small:100%;--awb-spacing-right-small:1.92%;--awb-spacing-left-small:1.92%;\"><div class=\"fusion-column-wrapper fusion-flex-justify-content-flex-start fusion-content-layout-column\"><div class=\"fusion-text fusion-text-1\"><h2><strong>Propri\u00e9t\u00e9 du site<\/strong><\/h2>\n<p>Le site internet du Gouffre G\u00e9ant de Cabrespine est la propri\u00e9t\u00e9 de SETSN.<br \/>\nLa soci\u00e9t\u00e9 SETSN SARL au capital de 63 824 euros, est immatricul\u00e9e au RCS de Carcassonne sous le num\u00e9ro 341249811. Son si\u00e8ge social est situ\u00e9 au Gouffre G\u00e9ant de Cabrespine 11160 CABRESPINE.<br \/>\nL\u2019acronyme de Soci\u00e9t\u00e9 d&#8217;Exploitation Touristique de Sites Naturels est SETSN. N\u00b0 de TVA : FR96341249811.<\/p>\n<p>Pour toute question relative au site, contactez-nous par mail \u00e0 gouffrecabrespine11@gmail.com ou par t\u00e9l\u00e9phone au 04 68 26 14 20.<\/p>\n<h2><strong>Publication du site<\/strong><\/h2>\n<p>Le site est g\u00e9r\u00e9 par SETSN.<\/p>\n<h2><strong>Cr\u00e9ateur du site<\/strong><\/h2>\n<p>Le cr\u00e9ateur du site est le studio Faro SASU, situ\u00e9 75 rue du P\u00e8re Corentin 75014 Paris.<br \/>\nSite internet : <a href=\"https:\/\/farofaro.com\/\">farofaro.com<\/a><\/p>\n<h2><strong>H\u00e9bergement du site<\/strong><\/h2>\n<p>L\u2019h\u00e9bergement du site est assur\u00e9 par OVH, situ\u00e9 2 rue Kellermann 59100 Roubaix.<\/p>\n<h2>Cr\u00e9dits photographiques<\/h2>\n<p>Les photos pr\u00e9sentes sur le site ont \u00e9t\u00e9 r\u00e9alis\u00e9es par :<br \/>\n<a href=\"https:\/\/www.aspheries.com\/\" target=\"_blank\" rel=\"noopener noreferrer\">Herv\u00e9 Leclair \/ Asph\u00e9ries<\/a><br \/>\n<a href=\"https:\/\/farofaro.com\/\" target=\"_blank\" rel=\"noopener noreferrer\">Faro<\/a><br \/>\nG\u00e9rard Brat<br \/>\nMichel Randa<\/p>\n<p><a href=\"https:\/\/www.vincentphotographie.com\/\">Vincent Photographie<\/a><br \/>\n<a href=\"https:\/\/www.philippe-crochet.com\/\" target=\"_blank\" rel=\"noopener noreferrer\">Philippe Crochet<\/a><br \/>\nDechamp<\/p>\n<h2>Liens hypertextes<\/h2>\n<p>Le site www.gouffre-de-cabrespine.com peut contenir des liens hypertextes vers d\u2019autres sites web \u00e9dit\u00e9s par des tiers. Les liens vers ces autres ressources vous font quitter le site www.gouffre-de-cabrespine.com. Dans la mesure o\u00f9 aucun contr\u00f4le n\u2019est effectu\u00e9 sur ces ressources externes, Le Gouffre G\u00e9ant de Cabrespine n\u2019est en aucun cas responsable de leur contenu.<br \/>\nIl est possible de cr\u00e9er un lien vers la page de pr\u00e9sentation de ce site sans autorisation expresse du Gouffre G\u00e9ant de Cabrespine. Aucune autorisation ou demande d\u2019information pr\u00e9alable ne peut \u00eatre exig\u00e9e par le Gouffre G\u00e9ant de Cabrespine \u00e0 l\u2019\u00e9gard d\u2019un site qui souhaite \u00e9tablir un lien vers son site. Il convient toutefois d\u2019afficher ce site dans une nouvelle fen\u00eatre du navigateur. Cependant, Le Gouffre G\u00e9ant de Cabrespine se r\u00e9serve le droit de demander la suppression d\u2019un lien qu\u2019il estime non conforme \u00e0 l\u2019objet du site www.gouffre-de-cabrespine.com.<\/p>\n<\/div><\/div><\/div><\/div><\/div>\n<span class=\"et_bloom_bottom_trigger\"><\/span>","protected":false},"excerpt":{"rendered":"","protected":false},"author":3,"featured_media":0,"parent":0,"menu_order":0,"comment_status":"closed","ping_status":"closed","template":"","meta":{"_acf_changed":false,"inline_featured_image":false,"footnotes":""},"class_list":["post-1918","page","type-page","status-publish","hentry"],"acf":[],"yoast_head":"<!-- This site is optimized with the Yoast SEO plugin v26.8 - https:\/\/yoast.com\/product\/yoast-seo-wordpress\/ -->\n<title>Mentions l\u00e9gales - Gouffre G\u00e9ant de Cabrespine<\/title>\n<meta name=\"robots\" content=\"index, follow, max-snippet:-1, max-image-preview:large, max-video-preview:-1\" \/>\n<link rel=\"canonical\" href=\"https:\/\/www.gouffre-de-cabrespine.com\/es\/mentions-legales\/\" \/>\n<meta property=\"og:locale\" content=\"es_ES\" \/>\n<meta property=\"og:type\" content=\"article\" \/>\n<meta property=\"og:title\" content=\"Mentions l\u00e9gales - Gouffre G\u00e9ant de Cabrespine\" \/>\n<meta property=\"og:url\" content=\"https:\/\/www.gouffre-de-cabrespine.com\/es\/mentions-legales\/\" \/>\n<meta property=\"og:site_name\" content=\"Gouffre G\u00e9ant de Cabrespine\" \/>\n<meta property=\"article:modified_time\" content=\"2025-10-16T12:54:55+00:00\" \/>\n<meta name=\"twitter:card\" content=\"summary_large_image\" \/>\n<meta name=\"twitter:label1\" content=\"Tiempo de lectura\" \/>\n\t<meta name=\"twitter:data1\" content=\"3 minutos\" \/>\n<script type=\"application\/ld+json\" class=\"yoast-schema-graph\">{\"@context\":\"https:\/\/schema.org\",\"@graph\":[{\"@type\":\"WebPage\",\"@id\":\"https:\/\/www.gouffre-de-cabrespine.com\/es\/mentions-legales\/\",\"url\":\"https:\/\/www.gouffre-de-cabrespine.com\/es\/mentions-legales\/\",\"name\":\"Mentions l\u00e9gales - Gouffre G\u00e9ant de Cabrespine\",\"isPartOf\":{\"@id\":\"https:\/\/www.gouffre-de-cabrespine.com\/#website\"},\"datePublished\":\"2020-04-24T10:57:20+00:00\",\"dateModified\":\"2025-10-16T12:54:55+00:00\",\"breadcrumb\":{\"@id\":\"https:\/\/www.gouffre-de-cabrespine.com\/es\/mentions-legales\/#breadcrumb\"},\"inLanguage\":\"es\",\"potentialAction\":[{\"@type\":\"ReadAction\",\"target\":[\"https:\/\/www.gouffre-de-cabrespine.com\/es\/mentions-legales\/\"]}]},{\"@type\":\"BreadcrumbList\",\"@id\":\"https:\/\/www.gouffre-de-cabrespine.com\/es\/mentions-legales\/#breadcrumb\",\"itemListElement\":[{\"@type\":\"ListItem\",\"position\":1,\"name\":\"Accueil\",\"item\":\"https:\/\/www.gouffre-de-cabrespine.com\/es\/\"},{\"@type\":\"ListItem\",\"position\":2,\"name\":\"Mentions l\u00e9gales\"}]},{\"@type\":\"WebSite\",\"@id\":\"https:\/\/www.gouffre-de-cabrespine.com\/#website\",\"url\":\"https:\/\/www.gouffre-de-cabrespine.com\/\",\"name\":\"Gouffre G\u00e9ant de Cabrespine\",\"description\":\"Plongez au coeur du Gouffre G\u00e9ant de Cabrespine\",\"potentialAction\":[{\"@type\":\"SearchAction\",\"target\":{\"@type\":\"EntryPoint\",\"urlTemplate\":\"https:\/\/www.gouffre-de-cabrespine.com\/?s={search_term_string}\"},\"query-input\":{\"@type\":\"PropertyValueSpecification\",\"valueRequired\":true,\"valueName\":\"search_term_string\"}}],\"inLanguage\":\"es\"}]}<\/script>\n<!-- \/ Yoast SEO plugin. -->","yoast_head_json":{"title":"Mentions l\u00e9gales - Gouffre G\u00e9ant de Cabrespine","robots":{"index":"index","follow":"follow","max-snippet":"max-snippet:-1","max-image-preview":"max-image-preview:large","max-video-preview":"max-video-preview:-1"},"canonical":"https:\/\/www.gouffre-de-cabrespine.com\/es\/mentions-legales\/","og_locale":"es_ES","og_type":"article","og_title":"Mentions l\u00e9gales - Gouffre G\u00e9ant de Cabrespine","og_url":"https:\/\/www.gouffre-de-cabrespine.com\/es\/mentions-legales\/","og_site_name":"Gouffre G\u00e9ant de Cabrespine","article_modified_time":"2025-10-16T12:54:55+00:00","twitter_card":"summary_large_image","twitter_misc":{"Tiempo de lectura":"3 minutos"},"schema":{"@context":"https:\/\/schema.org","@graph":[{"@type":"WebPage","@id":"https:\/\/www.gouffre-de-cabrespine.com\/es\/mentions-legales\/","url":"https:\/\/www.gouffre-de-cabrespine.com\/es\/mentions-legales\/","name":"Mentions l\u00e9gales - Gouffre G\u00e9ant de Cabrespine","isPartOf":{"@id":"https:\/\/www.gouffre-de-cabrespine.com\/#website"},"datePublished":"2020-04-24T10:57:20+00:00","dateModified":"2025-10-16T12:54:55+00:00","breadcrumb":{"@id":"https:\/\/www.gouffre-de-cabrespine.com\/es\/mentions-legales\/#breadcrumb"},"inLanguage":"es","potentialAction":[{"@type":"ReadAction","target":["https:\/\/www.gouffre-de-cabrespine.com\/es\/mentions-legales\/"]}]},{"@type":"BreadcrumbList","@id":"https:\/\/www.gouffre-de-cabrespine.com\/es\/mentions-legales\/#breadcrumb","itemListElement":[{"@type":"ListItem","position":1,"name":"Accueil","item":"https:\/\/www.gouffre-de-cabrespine.com\/es\/"},{"@type":"ListItem","position":2,"name":"Mentions l\u00e9gales"}]},{"@type":"WebSite","@id":"https:\/\/www.gouffre-de-cabrespine.com\/#website","url":"https:\/\/www.gouffre-de-cabrespine.com\/","name":"Gouffre G\u00e9ant de Cabrespine","description":"Plongez au coeur du Gouffre G\u00e9ant de Cabrespine","potentialAction":[{"@type":"SearchAction","target":{"@type":"EntryPoint","urlTemplate":"https:\/\/www.gouffre-de-cabrespine.com\/?s={search_term_string}"},"query-input":{"@type":"PropertyValueSpecification","valueRequired":true,"valueName":"search_term_string"}}],"inLanguage":"es"}]}},"_links":{"self":[{"href":"https:\/\/www.gouffre-de-cabrespine.com\/es\/wp-json\/wp\/v2\/pages\/1918","targetHints":{"allow":["GET"]}}],"collection":[{"href":"https:\/\/www.gouffre-de-cabrespine.com\/es\/wp-json\/wp\/v2\/pages"}],"about":[{"href":"https:\/\/www.gouffre-de-cabrespine.com\/es\/wp-json\/wp\/v2\/types\/page"}],"author":[{"embeddable":true,"href":"https:\/\/www.gouffre-de-cabrespine.com\/es\/wp-json\/wp\/v2\/users\/3"}],"replies":[{"embeddable":true,"href":"https:\/\/www.gouffre-de-cabrespine.com\/es\/wp-json\/wp\/v2\/comments?post=1918"}],"version-history":[{"count":4,"href":"https:\/\/www.gouffre-de-cabrespine.com\/es\/wp-json\/wp\/v2\/pages\/1918\/revisions"}],"predecessor-version":[{"id":10358,"href":"https:\/\/www.gouffre-de-cabrespine.com\/es\/wp-json\/wp\/v2\/pages\/1918\/revisions\/10358"}],"wp:attachment":[{"href":"https:\/\/www.gouffre-de-cabrespine.com\/es\/wp-json\/wp\/v2\/media?parent=1918"}],"curies":[{"name":"wp","href":"https:\/\/api.w.org\/{rel}","templated":true}]}}