{"id":1900,"date":"2020-03-05T15:05:34","date_gmt":"2020-03-05T14:05:34","guid":{"rendered":"https:\/\/www.gouffre-de-cabrespine.com\/services-et-boutique\/"},"modified":"2024-03-25T15:28:11","modified_gmt":"2024-03-25T14:28:11","slug":"servicios-y-tienda-2","status":"publish","type":"page","link":"https:\/\/www.gouffre-de-cabrespine.com\/es\/servicios-y-tienda-2\/","title":{"rendered":"Servicios y tienda"},"content":{"rendered":"<div class=\"fusion-fullwidth fullwidth-box fusion-builder-row-1 nonhundred-percent-fullwidth non-hundred-percent-height-scrolling\" style=\"--awb-border-radius-top-left:0px;--awb-border-radius-top-right:0px;--awb-border-radius-bottom-right:0px;--awb-border-radius-bottom-left:0px;--awb-flex-wrap:wrap;\" ><div class=\"fusion-builder-row fusion-row\"><div class=\"fusion-layout-column fusion_builder_column fusion-builder-column-0 fusion_builder_column_1_1 1_1 fusion-one-full fusion-column-first fusion-column-last\" style=\"--awb-bg-size:cover;--awb-margin-bottom:0px;\"><div class=\"fusion-column-wrapper fusion-flex-column-wrapper-legacy\"><div class=\"fusion-text fusion-text-1\"><ul>\n<li><strong>Bar<\/strong><\/li>\n<\/ul>\n<p>Si deseas comer antes o despu\u00e9s de tu visita de la Sima Gigante de Cabrespine, Ofrecemos varios aperitivos y bebidas. Nuestra terraza soleada, con vista a las monta\u00f1as, te espera.<\/p>\n<ul>\n<li><strong>Tienda de souvenirs<\/strong><\/li>\n<\/ul>\n<p>Postales, minerales, joyas, peluches, juguetes, productos regionales &#8230; Encontrar\u00e1s indudablemente tu felicidad. Para ti o tus personas queridas, para guardar un recuerdo de tu visita a la Sima Gigante de Cabrespine.<\/p>\n<ul>\n<li><strong>Estacionamiento<\/strong><\/li>\n<\/ul>\n<p>El estacionamiento es completamente gratuito y accesible para los visitantes. Est\u00e1 ubicado frente al sitio.<br \/>\nUna plaza de aparcamiento est\u00e1 reservada para personas con discapacidad cerca de la entrada.<\/p>\n<ul>\n<li><strong>Aseos<\/strong><\/li>\n<\/ul>\n<p>Los aseos gratuitos est\u00e1n disponibles para todos nuestros visitantes y accesibles para personas con movilidad reducida. Una mesa para cambiar pa\u00f1ales tambi\u00e9n est\u00e1 a disposici\u00f3n.<\/p>\n<\/div><div class=\"fusion-slider-sc fusion-flexslider-loading flexslider flexslider-hover-type-none\" data-slideshow_autoplay=\"1\" data-slideshow_smooth_height=\"0\" data-slideshow_speed=\"4000\" style=\"max-width:100%;height:100%;\"><ul class=\"slides\"><li class=\"image\"><span class=\"fusion-image-hover-element hover-type-none\"><img decoding=\"async\" src=\"https:\/\/www.gouffre-de-cabrespine.com\/wp-content\/uploads\/2020\/07\/cabrespine-boutique-0424.jpg\" alt=\"boutique cabrespine\" width=\"2560\" height=\"1708\" class=\"wp-image-2444\" \/><\/span><\/li><li class=\"image\"><span class=\"fusion-image-hover-element hover-type-none\"><img decoding=\"async\" src=\"https:\/\/www.gouffre-de-cabrespine.com\/wp-content\/uploads\/2020\/07\/cabrespine-boutique-0386.jpg\" alt=\"boutique cabrespine\" width=\"2560\" height=\"1708\" class=\"wp-image-2439\" \/><\/span><\/li><li class=\"image\"><span class=\"fusion-image-hover-element hover-type-none\"><img decoding=\"async\" src=\"https:\/\/www.gouffre-de-cabrespine.com\/wp-content\/uploads\/2020\/07\/cabrespine-boutique-0376.jpg\" alt=\"boutique cabrespine\" width=\"2560\" height=\"1709\" class=\"wp-image-2434\" \/><\/span><\/li><li class=\"image\"><span class=\"fusion-image-hover-element hover-type-none\"><img decoding=\"async\" src=\"https:\/\/www.gouffre-de-cabrespine.com\/wp-content\/uploads\/2020\/07\/cabrespine-boutique-0364.jpg\" alt=\"boutique cabrespine\" width=\"2560\" height=\"1708\" class=\"wp-image-2429\" \/><\/span><\/li><li class=\"image\"><span class=\"fusion-image-hover-element hover-type-none\"><img decoding=\"async\" src=\"https:\/\/www.gouffre-de-cabrespine.com\/wp-content\/uploads\/2020\/07\/cabrespine-boutique-0357.jpg\" alt=\"boutique cabrespine\" width=\"2560\" height=\"1709\" class=\"wp-image-2424\" \/><\/span><\/li><li class=\"image\"><span class=\"fusion-image-hover-element hover-type-none\"><img decoding=\"async\" src=\"https:\/\/www.gouffre-de-cabrespine.com\/wp-content\/uploads\/2020\/07\/cabrespine-boutique-0354.jpg\" alt=\"souvenir cabrespine\" width=\"2560\" height=\"1709\" class=\"wp-image-2419\" \/><\/span><\/li><\/ul><\/div>\n<div class=\"fusion-clearfix\"><\/div><\/div><\/div><\/div><\/div>\n<span class=\"et_bloom_bottom_trigger\"><\/span>","protected":false},"excerpt":{"rendered":"","protected":false},"author":1,"featured_media":0,"parent":0,"menu_order":0,"comment_status":"closed","ping_status":"closed","template":"","meta":{"_acf_changed":false,"inline_featured_image":false,"footnotes":""},"class_list":["post-1900","page","type-page","status-publish","hentry"],"acf":[],"yoast_head":"<!-- This site is optimized with the Yoast SEO plugin v26.8 - https:\/\/yoast.com\/product\/yoast-seo-wordpress\/ -->\n<title>Servicios y tienda - Gouffre G\u00e9ant de Cabrespine<\/title>\n<meta name=\"robots\" content=\"index, follow, max-snippet:-1, max-image-preview:large, max-video-preview:-1\" \/>\n<link rel=\"canonical\" href=\"https:\/\/www.gouffre-de-cabrespine.com\/es\/servicios-y-tienda-2\/\" \/>\n<meta property=\"og:locale\" content=\"es_ES\" \/>\n<meta property=\"og:type\" content=\"article\" \/>\n<meta property=\"og:title\" content=\"Servicios y tienda - Gouffre G\u00e9ant de Cabrespine\" \/>\n<meta property=\"og:url\" content=\"https:\/\/www.gouffre-de-cabrespine.com\/es\/servicios-y-tienda-2\/\" \/>\n<meta property=\"og:site_name\" content=\"Gouffre G\u00e9ant de Cabrespine\" \/>\n<meta property=\"article:modified_time\" content=\"2024-03-25T14:28:11+00:00\" \/>\n<meta name=\"twitter:card\" content=\"summary_large_image\" \/>\n<meta name=\"twitter:label1\" content=\"Tiempo de lectura\" \/>\n\t<meta name=\"twitter:data1\" content=\"2 minutos\" \/>\n<script type=\"application\/ld+json\" class=\"yoast-schema-graph\">{\"@context\":\"https:\/\/schema.org\",\"@graph\":[{\"@type\":\"WebPage\",\"@id\":\"https:\/\/www.gouffre-de-cabrespine.com\/es\/servicios-y-tienda-2\/\",\"url\":\"https:\/\/www.gouffre-de-cabrespine.com\/es\/servicios-y-tienda-2\/\",\"name\":\"Servicios y tienda - Gouffre G\u00e9ant de Cabrespine\",\"isPartOf\":{\"@id\":\"https:\/\/www.gouffre-de-cabrespine.com\/#website\"},\"datePublished\":\"2020-03-05T14:05:34+00:00\",\"dateModified\":\"2024-03-25T14:28:11+00:00\",\"breadcrumb\":{\"@id\":\"https:\/\/www.gouffre-de-cabrespine.com\/es\/servicios-y-tienda-2\/#breadcrumb\"},\"inLanguage\":\"es\",\"potentialAction\":[{\"@type\":\"ReadAction\",\"target\":[\"https:\/\/www.gouffre-de-cabrespine.com\/es\/servicios-y-tienda-2\/\"]}]},{\"@type\":\"BreadcrumbList\",\"@id\":\"https:\/\/www.gouffre-de-cabrespine.com\/es\/servicios-y-tienda-2\/#breadcrumb\",\"itemListElement\":[{\"@type\":\"ListItem\",\"position\":1,\"name\":\"Accueil\",\"item\":\"https:\/\/www.gouffre-de-cabrespine.com\/es\/\"},{\"@type\":\"ListItem\",\"position\":2,\"name\":\"Servicios y tienda\"}]},{\"@type\":\"WebSite\",\"@id\":\"https:\/\/www.gouffre-de-cabrespine.com\/#website\",\"url\":\"https:\/\/www.gouffre-de-cabrespine.com\/\",\"name\":\"Gouffre G\u00e9ant de Cabrespine\",\"description\":\"Plongez au coeur du Gouffre G\u00e9ant de Cabrespine\",\"potentialAction\":[{\"@type\":\"SearchAction\",\"target\":{\"@type\":\"EntryPoint\",\"urlTemplate\":\"https:\/\/www.gouffre-de-cabrespine.com\/?s={search_term_string}\"},\"query-input\":{\"@type\":\"PropertyValueSpecification\",\"valueRequired\":true,\"valueName\":\"search_term_string\"}}],\"inLanguage\":\"es\"}]}<\/script>\n<!-- \/ Yoast SEO plugin. -->","yoast_head_json":{"title":"Servicios y tienda - Gouffre G\u00e9ant de Cabrespine","robots":{"index":"index","follow":"follow","max-snippet":"max-snippet:-1","max-image-preview":"max-image-preview:large","max-video-preview":"max-video-preview:-1"},"canonical":"https:\/\/www.gouffre-de-cabrespine.com\/es\/servicios-y-tienda-2\/","og_locale":"es_ES","og_type":"article","og_title":"Servicios y tienda - Gouffre G\u00e9ant de Cabrespine","og_url":"https:\/\/www.gouffre-de-cabrespine.com\/es\/servicios-y-tienda-2\/","og_site_name":"Gouffre G\u00e9ant de Cabrespine","article_modified_time":"2024-03-25T14:28:11+00:00","twitter_card":"summary_large_image","twitter_misc":{"Tiempo de lectura":"2 minutos"},"schema":{"@context":"https:\/\/schema.org","@graph":[{"@type":"WebPage","@id":"https:\/\/www.gouffre-de-cabrespine.com\/es\/servicios-y-tienda-2\/","url":"https:\/\/www.gouffre-de-cabrespine.com\/es\/servicios-y-tienda-2\/","name":"Servicios y tienda - Gouffre G\u00e9ant de Cabrespine","isPartOf":{"@id":"https:\/\/www.gouffre-de-cabrespine.com\/#website"},"datePublished":"2020-03-05T14:05:34+00:00","dateModified":"2024-03-25T14:28:11+00:00","breadcrumb":{"@id":"https:\/\/www.gouffre-de-cabrespine.com\/es\/servicios-y-tienda-2\/#breadcrumb"},"inLanguage":"es","potentialAction":[{"@type":"ReadAction","target":["https:\/\/www.gouffre-de-cabrespine.com\/es\/servicios-y-tienda-2\/"]}]},{"@type":"BreadcrumbList","@id":"https:\/\/www.gouffre-de-cabrespine.com\/es\/servicios-y-tienda-2\/#breadcrumb","itemListElement":[{"@type":"ListItem","position":1,"name":"Accueil","item":"https:\/\/www.gouffre-de-cabrespine.com\/es\/"},{"@type":"ListItem","position":2,"name":"Servicios y tienda"}]},{"@type":"WebSite","@id":"https:\/\/www.gouffre-de-cabrespine.com\/#website","url":"https:\/\/www.gouffre-de-cabrespine.com\/","name":"Gouffre G\u00e9ant de Cabrespine","description":"Plongez au coeur du Gouffre G\u00e9ant de Cabrespine","potentialAction":[{"@type":"SearchAction","target":{"@type":"EntryPoint","urlTemplate":"https:\/\/www.gouffre-de-cabrespine.com\/?s={search_term_string}"},"query-input":{"@type":"PropertyValueSpecification","valueRequired":true,"valueName":"search_term_string"}}],"inLanguage":"es"}]}},"_links":{"self":[{"href":"https:\/\/www.gouffre-de-cabrespine.com\/es\/wp-json\/wp\/v2\/pages\/1900","targetHints":{"allow":["GET"]}}],"collection":[{"href":"https:\/\/www.gouffre-de-cabrespine.com\/es\/wp-json\/wp\/v2\/pages"}],"about":[{"href":"https:\/\/www.gouffre-de-cabrespine.com\/es\/wp-json\/wp\/v2\/types\/page"}],"author":[{"embeddable":true,"href":"https:\/\/www.gouffre-de-cabrespine.com\/es\/wp-json\/wp\/v2\/users\/1"}],"replies":[{"embeddable":true,"href":"https:\/\/www.gouffre-de-cabrespine.com\/es\/wp-json\/wp\/v2\/comments?post=1900"}],"version-history":[{"count":10,"href":"https:\/\/www.gouffre-de-cabrespine.com\/es\/wp-json\/wp\/v2\/pages\/1900\/revisions"}],"predecessor-version":[{"id":7718,"href":"https:\/\/www.gouffre-de-cabrespine.com\/es\/wp-json\/wp\/v2\/pages\/1900\/revisions\/7718"}],"wp:attachment":[{"href":"https:\/\/www.gouffre-de-cabrespine.com\/es\/wp-json\/wp\/v2\/media?parent=1900"}],"curies":[{"name":"wp","href":"https:\/\/api.w.org\/{rel}","templated":true}]}}