{"id":1862,"date":"2020-03-05T15:03:58","date_gmt":"2020-03-05T14:03:58","guid":{"rendered":"https:\/\/www.gouffre-de-cabrespine.com\/histoire\/"},"modified":"2025-07-26T17:43:19","modified_gmt":"2025-07-26T15:43:19","slug":"historia","status":"publish","type":"page","link":"https:\/\/www.gouffre-de-cabrespine.com\/es\/historia\/","title":{"rendered":"Historia"},"content":{"rendered":"<div class=\"fusion-fullwidth fullwidth-box fusion-builder-row-1 nonhundred-percent-fullwidth non-hundred-percent-height-scrolling\" style=\"--awb-border-radius-top-left:0px;--awb-border-radius-top-right:0px;--awb-border-radius-bottom-right:0px;--awb-border-radius-bottom-left:0px;--awb-flex-wrap:wrap;\" ><div class=\"fusion-builder-row fusion-row\"><div class=\"fusion-layout-column fusion_builder_column fusion-builder-column-0 fusion_builder_column_1_1 1_1 fusion-one-full fusion-column-first fusion-column-last\" style=\"--awb-bg-size:cover;--awb-margin-bottom:0px;\"><div class=\"fusion-column-wrapper fusion-flex-column-wrapper-legacy\"><div class=\"fusion-title title fusion-title-1 fusion-sep-none fusion-title-center fusion-title-text fusion-title-size-two\" style=\"--awb-margin-top:40px;--awb-margin-bottom:40px;\"><h2 class=\"fusion-title-heading title-heading-center\" style=\"margin:0;\"><p style=\"text-align: center;\"><strong>Fechas clave <\/strong><\/p><\/h2><\/div><div class=\"fusion-content-boxes content-boxes columns row fusion-columns-1 fusion-columns-total-12 fusion-content-boxes-1 content-boxes-timeline-horizontal content-left content-boxes-icon-on-top content-boxes-timeline-layout frise-chrono fusion-delayed-animation\" style=\"--awb-iconcolor:#fc8b0d;--awb-margin-top:0px;--awb-margin-bottom:0px;--awb-hover-accent-color:#352f2d;--awb-circle-hover-accent-color:transparent;--awb-item-margin-bottom:40px;\" data-animation-delay=\"350\" data-animationOffset=\"top-into-view\"><div style=\"--awb-backgroundcolor:rgba(255,255,255,0);--awb-iconcolor:#fc8b0d;\" class=\"fusion-column content-box-column content-box-column content-box-column-1 col-lg-12 col-md-12 col-sm-12 fusion-content-box-hover content-box-column-last-in-row\"><div class=\"col content-box-wrapper content-wrapper link-area-link-icon icon-hover-animation-none fusion-animated\" data-animationType=\"fadeIn\" data-animationDuration=\"0.25\" data-animationOffset=\"top-into-view\"><div class=\"heading heading-with-icon icon-left\"><div class=\"icon\" style=\"-webkit-animation-duration: 350ms;animation-duration: 350ms;\"><i style=\"background-color:transparent;border-color:transparent;height:auto;width: 15px;line-height:normal;font-size:15px;\" aria-hidden=\"true\" class=\"fontawesome-icon fa-circle fas circle-no\"><\/i><\/div><h2 class=\"content-box-heading\" style=\"--h2_typography-font-size:24px;line-height:29px;\">1959<\/h2><\/div><div class=\"fusion-clearfix\"><\/div><div class=\"content-container\">\n<p>Coloraci\u00f3n de las aguas para determinar el curso del r\u00edo subterr\u00e1neo<\/p>\n<\/div><\/div><\/div><div style=\"--awb-backgroundcolor:rgba(255,255,255,0);--awb-iconcolor:#fc8b0d;\" class=\"fusion-column content-box-column content-box-column content-box-column-2 col-lg-12 col-md-12 col-sm-12 fusion-content-box-hover content-box-column-last-in-row\"><div class=\"col content-box-wrapper content-wrapper link-area-link-icon icon-hover-animation-none fusion-animated\" data-animationType=\"fadeIn\" data-animationDuration=\"0.25\" data-animationOffset=\"top-into-view\"><div class=\"heading heading-with-icon icon-left\"><div class=\"icon\" style=\"-webkit-animation-duration: 350ms;animation-duration: 350ms;\"><i style=\"background-color:transparent;border-color:transparent;height:auto;width: 15px;line-height:normal;font-size:15px;\" aria-hidden=\"true\" class=\"fontawesome-icon fa-circle fas circle-no\"><\/i><\/div><h2 class=\"content-box-heading\" style=\"--h2_typography-font-size:24px;line-height:29px;\">1968<\/h2><\/div><div class=\"fusion-clearfix\"><\/div><div class=\"content-container\">\n<p>Descubrimiento del paso del r\u00edo y un de un pasaje al fondo de la sala de la cueva<\/p>\n<\/div><\/div><\/div><div style=\"--awb-backgroundcolor:rgba(255,255,255,0);--awb-iconcolor:#fc8b0d;\" class=\"fusion-column content-box-column content-box-column content-box-column-3 col-lg-12 col-md-12 col-sm-12 fusion-content-box-hover content-box-column-last-in-row\"><div class=\"col content-box-wrapper content-wrapper link-area-link-icon icon-hover-animation-none fusion-animated\" data-animationType=\"fadeIn\" data-animationDuration=\"0.25\" data-animationOffset=\"top-into-view\"><div class=\"heading heading-with-icon icon-left\"><div class=\"icon\" style=\"-webkit-animation-duration: 350ms;animation-duration: 350ms;\"><i style=\"background-color:transparent;border-color:transparent;height:auto;width: 15px;line-height:normal;font-size:15px;\" aria-hidden=\"true\" class=\"fontawesome-icon fa-circle fas circle-no\"><\/i><\/div><h2 class=\"content-box-heading\" style=\"--h2_typography-font-size:24px;line-height:29px;\">1972<\/h2><\/div><div class=\"fusion-clearfix\"><\/div><div class=\"content-container\">\n<p>Escalada de la pared y descubrimiento de la parte superior del abismo y la sala roja<\/p>\n<\/div><\/div><\/div><div style=\"--awb-backgroundcolor:rgba(255,255,255,0);--awb-iconcolor:#fc8b0d;\" class=\"fusion-column content-box-column content-box-column content-box-column-4 col-lg-12 col-md-12 col-sm-12 fusion-content-box-hover content-box-column-last-in-row\"><div class=\"col content-box-wrapper content-wrapper link-area-link-icon icon-hover-animation-none fusion-animated\" data-animationType=\"fadeIn\" data-animationDuration=\"0.25\" data-animationOffset=\"top-into-view\"><div class=\"heading heading-with-icon icon-left\"><div class=\"icon\" style=\"-webkit-animation-duration: 350ms;animation-duration: 350ms;\"><i style=\"background-color:transparent;border-color:transparent;height:auto;width: 15px;line-height:normal;font-size:15px;\" aria-hidden=\"true\" class=\"fontawesome-icon fa-circle fas circle-no\"><\/i><\/div><h2 class=\"content-box-heading\" style=\"--h2_typography-font-size:24px;line-height:29px;\">1981<\/h2><\/div><div class=\"fusion-clearfix\"><\/div><div class=\"content-container\">\n<p>Visita de Michel Siffre de la parte alta de la Sima<\/p>\n<\/div><\/div><\/div><div style=\"--awb-backgroundcolor:rgba(255,255,255,0);--awb-iconcolor:#fc8b0d;\" class=\"fusion-column content-box-column content-box-column content-box-column-5 col-lg-12 col-md-12 col-sm-12 fusion-content-box-hover content-box-column-last-in-row\"><div class=\"col content-box-wrapper content-wrapper link-area-link-icon icon-hover-animation-none fusion-animated\" data-animationType=\"fadeIn\" data-animationDuration=\"0.25\" data-animationOffset=\"top-into-view\"><div class=\"heading heading-with-icon icon-left\"><div class=\"icon\" style=\"-webkit-animation-duration: 350ms;animation-duration: 350ms;\"><i style=\"background-color:transparent;border-color:transparent;height:auto;width: 15px;line-height:normal;font-size:15px;\" aria-hidden=\"true\" class=\"fontawesome-icon fa-circle fas circle-no\"><\/i><\/div><h2 class=\"content-box-heading\" style=\"--h2_typography-font-size:24px;line-height:29px;\">1987<\/h2><\/div><div class=\"fusion-clearfix\"><\/div><div class=\"content-container\">\n<p>Inicio del trabajo de desarrollo de las infraestructuras<\/p>\n<\/div><\/div><\/div><div style=\"--awb-backgroundcolor:rgba(255,255,255,0);--awb-iconcolor:#fc8b0d;\" class=\"fusion-column content-box-column content-box-column content-box-column-6 col-lg-12 col-md-12 col-sm-12 fusion-content-box-hover content-box-column-last-in-row\"><div class=\"col content-box-wrapper content-wrapper link-area-link-icon icon-hover-animation-none fusion-animated\" data-animationType=\"fadeIn\" data-animationDuration=\"0.25\" data-animationOffset=\"top-into-view\"><div class=\"heading heading-with-icon icon-left\"><div class=\"icon\" style=\"-webkit-animation-duration: 350ms;animation-duration: 350ms;\"><i style=\"background-color:transparent;border-color:transparent;height:auto;width: 15px;line-height:normal;font-size:15px;\" aria-hidden=\"true\" class=\"fontawesome-icon fa-circle fas circle-no\"><\/i><\/div><h2 class=\"content-box-heading\" style=\"--h2_typography-font-size:24px;line-height:29px;\">1988<\/h2><\/div><div class=\"fusion-clearfix\"><\/div><div class=\"content-container\">\n<p>Apertura de la sima al p\u00fablico<\/p>\n<\/div><\/div><\/div><div style=\"--awb-backgroundcolor:rgba(255,255,255,0);--awb-iconcolor:#fc8b0d;\" class=\"fusion-column content-box-column content-box-column content-box-column-7 col-lg-12 col-md-12 col-sm-12 fusion-content-box-hover content-box-column-last-in-row\"><div class=\"col content-box-wrapper content-wrapper link-area-link-icon icon-hover-animation-none fusion-animated\" data-animationType=\"fadeIn\" data-animationDuration=\"0.25\" data-animationOffset=\"top-into-view\"><div class=\"heading heading-with-icon icon-left\"><div class=\"icon\" style=\"-webkit-animation-duration: 350ms;animation-duration: 350ms;\"><i style=\"background-color:transparent;border-color:transparent;height:auto;width: 15px;line-height:normal;font-size:15px;\" aria-hidden=\"true\" class=\"fontawesome-icon fa-circle fas circle-no\"><\/i><\/div><h2 class=\"content-box-heading\" style=\"--h2_typography-font-size:24px;line-height:29px;\">1996<\/h2><\/div><div class=\"fusion-clearfix\"><\/div><div class=\"content-container\">\n<p>Desarrollo de la sala roja<\/p>\n<\/div><\/div><\/div><div style=\"--awb-backgroundcolor:rgba(255,255,255,0);--awb-iconcolor:#fc8b0d;\" class=\"fusion-column content-box-column content-box-column content-box-column-8 col-lg-12 col-md-12 col-sm-12 fusion-content-box-hover content-box-column-last-in-row\"><div class=\"col content-box-wrapper content-wrapper link-area-link-icon icon-hover-animation-none fusion-animated\" data-animationType=\"fadeIn\" data-animationDuration=\"0.25\" data-animationOffset=\"top-into-view\"><div class=\"heading heading-with-icon icon-left\"><div class=\"icon\" style=\"-webkit-animation-duration: 350ms;animation-duration: 350ms;\"><i style=\"background-color:transparent;border-color:transparent;height:auto;width: 15px;line-height:normal;font-size:15px;\" aria-hidden=\"true\" class=\"fontawesome-icon fa-circle fas circle-no\"><\/i><\/div><h2 class=\"content-box-heading\" style=\"--h2_typography-font-size:24px;line-height:29px;\">2015<\/h2><\/div><div class=\"fusion-clearfix\"><\/div><div class=\"content-container\">\n<p>Desarrollo\u00a0 del balc\u00f3n de cristal<\/p>\n<\/div><\/div><\/div><div style=\"--awb-backgroundcolor:rgba(255,255,255,0);--awb-iconcolor:#fc8b0d;\" class=\"fusion-column content-box-column content-box-column content-box-column-9 col-lg-12 col-md-12 col-sm-12 fusion-content-box-hover content-box-column-last-in-row\"><div class=\"col content-box-wrapper content-wrapper link-area-link-icon icon-hover-animation-none fusion-animated\" data-animationType=\"fadeIn\" data-animationDuration=\"0.25\" data-animationOffset=\"top-into-view\"><div class=\"heading heading-with-icon icon-left\"><div class=\"icon\" style=\"-webkit-animation-duration: 350ms;animation-duration: 350ms;\"><i style=\"background-color:transparent;border-color:transparent;height:auto;width: 15px;line-height:normal;font-size:15px;\" aria-hidden=\"true\" class=\"fontawesome-icon fa-circle fas circle-no\"><\/i><\/div><h2 class=\"content-box-heading\" style=\"--h2_typography-font-size:24px;line-height:29px;\">2018<\/h2><\/div><div class=\"fusion-clearfix\"><\/div><div class=\"content-container\">\n<p>Desarrollo del mirador de los discos<\/p>\n<\/div><\/div><\/div><div style=\"--awb-backgroundcolor:rgba(255,255,255,0);--awb-iconcolor:#fc8b0d;\" class=\"fusion-column content-box-column content-box-column content-box-column-10 col-lg-12 col-md-12 col-sm-12 fusion-content-box-hover content-box-column-last-in-row\"><div class=\"col content-box-wrapper content-wrapper link-area-link-icon icon-hover-animation-none fusion-animated\" data-animationType=\"fadeIn\" data-animationDuration=\"0.25\" data-animationOffset=\"top-into-view\"><div class=\"heading heading-with-icon icon-left\"><div class=\"icon\" style=\"-webkit-animation-duration: 350ms;animation-duration: 350ms;\"><i style=\"background-color:transparent;border-color:transparent;height:auto;width: 15px;line-height:normal;font-size:15px;\" aria-hidden=\"true\" class=\"fontawesome-icon fa-circle fas circle-no\"><\/i><\/div><h2 class=\"content-box-heading\" style=\"--h2_typography-font-size:24px;line-height:29px;\">2019<\/h2><\/div><div class=\"fusion-clearfix\"><\/div><div class=\"content-container\">\n<p>Apertura de \u201cl\u2019Aventures Parc\u201d<\/p>\n<\/div><\/div><\/div><div style=\"--awb-backgroundcolor:rgba(255,255,255,0);--awb-iconcolor:#fc8b0d;\" class=\"fusion-column content-box-column content-box-column content-box-column-11 col-lg-12 col-md-12 col-sm-12 fusion-content-box-hover content-box-column-last-in-row\"><div class=\"col content-box-wrapper content-wrapper link-area-link-icon icon-hover-animation-none fusion-animated\" data-animationType=\"fadeIn\" data-animationDuration=\"0.25\" data-animationOffset=\"top-into-view\"><div class=\"heading heading-with-icon icon-left\"><div class=\"icon\" style=\"-webkit-animation-duration: 350ms;animation-duration: 350ms;\"><i style=\"background-color:transparent;border-color:transparent;height:auto;width: 15px;line-height:normal;font-size:15px;\" aria-hidden=\"true\" class=\"fontawesome-icon fa-circle fas circle-no\"><\/i><\/div><h2 class=\"content-box-heading\" style=\"--h2_typography-font-size:24px;line-height:29px;\">2024<\/h2><\/div><div class=\"fusion-clearfix\"><\/div><div class=\"content-container\">\n<p>Observatorio de Aragonito<\/p>\n<\/div><\/div><\/div><div style=\"--awb-backgroundcolor:La galer\u00eda de los cristales;--awb-iconcolor:#fc8b0d;\" class=\"fusion-column content-box-column content-box-column content-box-column-12 col-lg-12 col-md-12 col-sm-12 fusion-content-box-hover content-box-column-last content-box-column-last-in-row\"><div class=\"col content-box-wrapper content-wrapper-background link-area-link-icon icon-hover-animation-none fusion-animated\" data-animationType=\"fadeIn\" data-animationDuration=\"0.25\" data-animationOffset=\"top-into-view\"><div class=\"heading heading-with-icon icon-left\"><div class=\"icon\" style=\"-webkit-animation-duration: 350ms;animation-duration: 350ms;\"><i style=\"background-color:transparent;border-color:transparent;height:auto;width: 15px;line-height:normal;font-size:15px;\" aria-hidden=\"true\" class=\"fontawesome-icon fa-circle fas circle-no\"><\/i><\/div><h2 class=\"content-box-heading\" style=\"--h2_typography-font-size:24px;line-height:29px;\">2025<\/h2><\/div><div class=\"fusion-clearfix\"><\/div><div class=\"content-container\">\n<p>La galer\u00eda de los cristales<\/p>\n<\/div><\/div><\/div><div class=\"fusion-clearfix\"><\/div><\/div><div class=\"fusion-sep-clear\"><\/div><div class=\"fusion-separator fusion-full-width-sep\" style=\"margin-left: auto;margin-right: auto;margin-top:40px;margin-bottom:40px;width:100%;\"><div class=\"fusion-separator-border sep-single\" style=\"--awb-height:20px;--awb-amount:20px;border-color:#f3e3d0;border-top-width:2px;\"><\/div><\/div><div class=\"fusion-sep-clear\"><\/div><div class=\"fusion-text fusion-text-1\"><p>Desde tiempos inmemoriales, la historia de Gaougnas est\u00e1 vinculada a la de los hombres de Clamoux, los vestigios descubiertos en las primeras habitaciones de la red subterr\u00e1nea, dan testimonio de una larga ocupaci\u00f3n del sitio que remontar\u00e1 a la Edad del Bronce. A pesar de que las excavaciones en el refugio rocoso de Gaougnas no siempre fueron guiadas por un esp\u00edritu cient\u00edfico, debe destacarse que sin embargo se desenterraron un n\u00famero significativo de materiales. Estudios serios, esbozados en 1934 por el doctor Cannac y luego conducidos por Jean Guilaine, han dado lugar a numerosos descubrimientos.<\/p>\n<p>Los primeros documentos escritos, fechados en 1570, nos dan a conocer que en el mes de mayo de aquel a\u00f1o los molineros de Villeneuve-Minervois y de otros pueblos r\u00edo abajo se asociaron para comprar una parte del prado contiguo al lugar conocido como del Gaougnas con el objetivo de desviar el lecho del Clamoux y evitar as\u00ed verlo perderse en el \u201cReboul\u201d, remolino por el cual el agua se infiltraba en la entrada de la grutta.<\/p>\n<p>Fue solamente bajo Napole\u00f3n III cuando el famoso agujero llamado \u201cReboul\u201d fue obstruido para construir la carretera actual que une Villeneuve-Minervois a Cabrespine.<\/p>\n<p>Estas obras cubren la p\u00e9rdida conocida del r\u00edo, pero no impiden que este \u00faltimo encuentre nuevos pasajes y vuelva a su lecho subterr\u00e1neo. En ocasi\u00f3n de las obras, tambi\u00e9n fue obstruida la entrada del Gaougnas y no se volvi\u00f3 a o\u00edr hablar de la cueva durante muchos a\u00f1os.<\/p>\n<p>Fue solo en 1880 que la gruta volvi\u00f3 a la memoria de los hombres del Clamoux a trav\u00e9s de un suceso dram\u00e1tico: aquel a\u00f1o, durante el mes de junio, Pierre Baleste, residente del pueblo, sufri\u00f3 una ca\u00edda mortal en el \u201cBarrenc\u201d. Es el guardia campestre del pueblo quien sacara el cuerpo magullado del pobre hombre, este guardia se convertir\u00e1 , bien a pesar suyo, en el primer espele\u00f3logo en penetrar en esta sala a cielo abierto, de 150 metros de profundidad. Este mismo \u201cBarrenc\u201d del que se pueden ver salir a veces grandes volutas de vapor de agua, lo que indica la llegada del invierno, ser\u00e1 a\u00f1os m\u00e1s tarde escenario de otro suceso menos dram\u00e1tico. En 1927, un perro que hab\u00edan lanzado al Aven logr\u00f3 volver a casa de su amo saliendo por el r\u00edo Gaougnas y demostrando as\u00ed la conexi\u00f3n entre los dos cavidades.<\/p>\n<p>Al a\u00f1o siguiente, la erosi\u00f3n continua del agua, hizo que se desmorone la tierra al borde de la carretera en la entrada del pueblo; el se\u00f1or Bordel, propietario del lugar en aquel momento, programa el agrandamiento de una excavaci\u00f3n, por consecuente explor\u00f3 algunas galer\u00edas y encontr\u00f3 el pasaje secreto del r\u00edo Gaougnas. Se tendr\u00e1 que esperar una buenos 20 a\u00f1os de empe\u00f1o de un pu\u00f1ado de espele\u00f3logos para que, durante el a\u00f1o 1959, se lleve a cabo la confluencia entre el Gaougnas y el Barrenc. Estas obras de desobstrucci\u00f3n durar\u00e1n m\u00e1s de dos meses. En esta ocasi\u00f3n saldr\u00e1n a la luz varios metros del r\u00edo subterr\u00e1neo.<\/p>\n<p>Tres a\u00f1os m\u00e1s tarde, en 1961, una coloraci\u00f3n del agua del Clamoux confirma la leyenda seg\u00fan la cual unos patos que se hab\u00edan soltado en el Reboul hab\u00edan salido vivos delante de los cuatro castillos c\u00e1taros de Lastours. A partir de ese momento, queda demostrada la existencia de una red subterr\u00e1nea de gran envergadura entre Lastours y Cabrespine. Se llevar\u00e1n a cabo decenas de exploraciones infructuosas con el fin de encontrar el pasaje que permite de penetrar en esa red tan codiciada. Habr\u00e1 que esperar a\u00fan hasta el verano de 1968 para que dos espele\u00f3logos, tras numerosos esfuerzos, fuercen el pasaje del r\u00edo y vayan a parar, maravillados, al pie de la gran sala de la Sima Gigante.<\/p>\n<\/div><div class=\"fusion-clearfix\"><\/div><\/div><\/div><\/div><\/div>\n<span class=\"et_bloom_bottom_trigger\"><\/span>","protected":false},"excerpt":{"rendered":"","protected":false},"author":1,"featured_media":0,"parent":0,"menu_order":0,"comment_status":"closed","ping_status":"closed","template":"","meta":{"_acf_changed":false,"inline_featured_image":false,"footnotes":""},"class_list":["post-1862","page","type-page","status-publish","hentry"],"acf":[],"yoast_head":"<!-- This site is optimized with the Yoast SEO plugin v26.8 - https:\/\/yoast.com\/product\/yoast-seo-wordpress\/ -->\n<title>Historia - Gouffre G\u00e9ant de Cabrespine<\/title>\n<meta name=\"robots\" content=\"index, follow, max-snippet:-1, max-image-preview:large, max-video-preview:-1\" \/>\n<link rel=\"canonical\" href=\"https:\/\/www.gouffre-de-cabrespine.com\/es\/historia\/\" \/>\n<meta property=\"og:locale\" content=\"es_ES\" \/>\n<meta property=\"og:type\" content=\"article\" \/>\n<meta property=\"og:title\" content=\"Historia - Gouffre G\u00e9ant de Cabrespine\" \/>\n<meta property=\"og:url\" content=\"https:\/\/www.gouffre-de-cabrespine.com\/es\/historia\/\" \/>\n<meta property=\"og:site_name\" content=\"Gouffre G\u00e9ant de Cabrespine\" \/>\n<meta property=\"article:modified_time\" content=\"2025-07-26T15:43:19+00:00\" \/>\n<meta name=\"twitter:card\" content=\"summary_large_image\" \/>\n<meta name=\"twitter:label1\" content=\"Tiempo de lectura\" \/>\n\t<meta name=\"twitter:data1\" content=\"9 minutos\" \/>\n<script type=\"application\/ld+json\" class=\"yoast-schema-graph\">{\"@context\":\"https:\/\/schema.org\",\"@graph\":[{\"@type\":\"WebPage\",\"@id\":\"https:\/\/www.gouffre-de-cabrespine.com\/es\/historia\/\",\"url\":\"https:\/\/www.gouffre-de-cabrespine.com\/es\/historia\/\",\"name\":\"Historia - Gouffre G\u00e9ant de Cabrespine\",\"isPartOf\":{\"@id\":\"https:\/\/www.gouffre-de-cabrespine.com\/#website\"},\"datePublished\":\"2020-03-05T14:03:58+00:00\",\"dateModified\":\"2025-07-26T15:43:19+00:00\",\"breadcrumb\":{\"@id\":\"https:\/\/www.gouffre-de-cabrespine.com\/es\/historia\/#breadcrumb\"},\"inLanguage\":\"es\",\"potentialAction\":[{\"@type\":\"ReadAction\",\"target\":[\"https:\/\/www.gouffre-de-cabrespine.com\/es\/historia\/\"]}]},{\"@type\":\"BreadcrumbList\",\"@id\":\"https:\/\/www.gouffre-de-cabrespine.com\/es\/historia\/#breadcrumb\",\"itemListElement\":[{\"@type\":\"ListItem\",\"position\":1,\"name\":\"Accueil\",\"item\":\"https:\/\/www.gouffre-de-cabrespine.com\/es\/\"},{\"@type\":\"ListItem\",\"position\":2,\"name\":\"Historia\"}]},{\"@type\":\"WebSite\",\"@id\":\"https:\/\/www.gouffre-de-cabrespine.com\/#website\",\"url\":\"https:\/\/www.gouffre-de-cabrespine.com\/\",\"name\":\"Gouffre G\u00e9ant de Cabrespine\",\"description\":\"Plongez au coeur du Gouffre G\u00e9ant de Cabrespine\",\"potentialAction\":[{\"@type\":\"SearchAction\",\"target\":{\"@type\":\"EntryPoint\",\"urlTemplate\":\"https:\/\/www.gouffre-de-cabrespine.com\/?s={search_term_string}\"},\"query-input\":{\"@type\":\"PropertyValueSpecification\",\"valueRequired\":true,\"valueName\":\"search_term_string\"}}],\"inLanguage\":\"es\"}]}<\/script>\n<!-- \/ Yoast SEO plugin. -->","yoast_head_json":{"title":"Historia - Gouffre G\u00e9ant de Cabrespine","robots":{"index":"index","follow":"follow","max-snippet":"max-snippet:-1","max-image-preview":"max-image-preview:large","max-video-preview":"max-video-preview:-1"},"canonical":"https:\/\/www.gouffre-de-cabrespine.com\/es\/historia\/","og_locale":"es_ES","og_type":"article","og_title":"Historia - Gouffre G\u00e9ant de Cabrespine","og_url":"https:\/\/www.gouffre-de-cabrespine.com\/es\/historia\/","og_site_name":"Gouffre G\u00e9ant de Cabrespine","article_modified_time":"2025-07-26T15:43:19+00:00","twitter_card":"summary_large_image","twitter_misc":{"Tiempo de lectura":"9 minutos"},"schema":{"@context":"https:\/\/schema.org","@graph":[{"@type":"WebPage","@id":"https:\/\/www.gouffre-de-cabrespine.com\/es\/historia\/","url":"https:\/\/www.gouffre-de-cabrespine.com\/es\/historia\/","name":"Historia - Gouffre G\u00e9ant de Cabrespine","isPartOf":{"@id":"https:\/\/www.gouffre-de-cabrespine.com\/#website"},"datePublished":"2020-03-05T14:03:58+00:00","dateModified":"2025-07-26T15:43:19+00:00","breadcrumb":{"@id":"https:\/\/www.gouffre-de-cabrespine.com\/es\/historia\/#breadcrumb"},"inLanguage":"es","potentialAction":[{"@type":"ReadAction","target":["https:\/\/www.gouffre-de-cabrespine.com\/es\/historia\/"]}]},{"@type":"BreadcrumbList","@id":"https:\/\/www.gouffre-de-cabrespine.com\/es\/historia\/#breadcrumb","itemListElement":[{"@type":"ListItem","position":1,"name":"Accueil","item":"https:\/\/www.gouffre-de-cabrespine.com\/es\/"},{"@type":"ListItem","position":2,"name":"Historia"}]},{"@type":"WebSite","@id":"https:\/\/www.gouffre-de-cabrespine.com\/#website","url":"https:\/\/www.gouffre-de-cabrespine.com\/","name":"Gouffre G\u00e9ant de Cabrespine","description":"Plongez au coeur du Gouffre G\u00e9ant de Cabrespine","potentialAction":[{"@type":"SearchAction","target":{"@type":"EntryPoint","urlTemplate":"https:\/\/www.gouffre-de-cabrespine.com\/?s={search_term_string}"},"query-input":{"@type":"PropertyValueSpecification","valueRequired":true,"valueName":"search_term_string"}}],"inLanguage":"es"}]}},"_links":{"self":[{"href":"https:\/\/www.gouffre-de-cabrespine.com\/es\/wp-json\/wp\/v2\/pages\/1862","targetHints":{"allow":["GET"]}}],"collection":[{"href":"https:\/\/www.gouffre-de-cabrespine.com\/es\/wp-json\/wp\/v2\/pages"}],"about":[{"href":"https:\/\/www.gouffre-de-cabrespine.com\/es\/wp-json\/wp\/v2\/types\/page"}],"author":[{"embeddable":true,"href":"https:\/\/www.gouffre-de-cabrespine.com\/es\/wp-json\/wp\/v2\/users\/1"}],"replies":[{"embeddable":true,"href":"https:\/\/www.gouffre-de-cabrespine.com\/es\/wp-json\/wp\/v2\/comments?post=1862"}],"version-history":[{"count":4,"href":"https:\/\/www.gouffre-de-cabrespine.com\/es\/wp-json\/wp\/v2\/pages\/1862\/revisions"}],"predecessor-version":[{"id":1863,"href":"https:\/\/www.gouffre-de-cabrespine.com\/es\/wp-json\/wp\/v2\/pages\/1862\/revisions\/1863"}],"wp:attachment":[{"href":"https:\/\/www.gouffre-de-cabrespine.com\/es\/wp-json\/wp\/v2\/media?parent=1862"}],"curies":[{"name":"wp","href":"https:\/\/api.w.org\/{rel}","templated":true}]}}