{"id":1770,"date":"2020-04-24T16:00:54","date_gmt":"2020-04-24T14:00:54","guid":{"rendered":"https:\/\/www.gouffre-de-cabrespine.com\/protection-des-donnees-personnelles\/"},"modified":"2024-05-28T17:15:06","modified_gmt":"2024-05-28T15:15:06","slug":"protection-of-personal-data","status":"publish","type":"page","link":"https:\/\/www.gouffre-de-cabrespine.com\/en\/protection-of-personal-data\/","title":{"rendered":"Protection of Personal Data"},"content":{"rendered":"<div class=\"fusion-fullwidth fullwidth-box fusion-builder-row-1 fusion-flex-container nonhundred-percent-fullwidth non-hundred-percent-height-scrolling\" style=\"--awb-border-radius-top-left:0px;--awb-border-radius-top-right:0px;--awb-border-radius-bottom-right:0px;--awb-border-radius-bottom-left:0px;--awb-flex-wrap:wrap;\" ><div class=\"fusion-builder-row fusion-row fusion-flex-align-items-flex-start fusion-flex-content-wrap\" style=\"max-width:1456px;margin-left: calc(-4% \/ 2 );margin-right: calc(-4% \/ 2 );\"><div class=\"fusion-layout-column fusion_builder_column fusion-builder-column-0 fusion_builder_column_1_1 1_1 fusion-flex-column\" style=\"--awb-bg-size:cover;--awb-width-large:100%;--awb-margin-top-large:0px;--awb-spacing-right-large:1.92%;--awb-margin-bottom-large:0px;--awb-spacing-left-large:1.92%;--awb-width-medium:100%;--awb-spacing-right-medium:1.92%;--awb-spacing-left-medium:1.92%;--awb-width-small:100%;--awb-spacing-right-small:1.92%;--awb-spacing-left-small:1.92%;\"><div class=\"fusion-column-wrapper fusion-flex-justify-content-flex-start fusion-content-layout-column\"><div class=\"fusion-text fusion-text-1\"><h2>1. Traitement des Donn\u00e9es Personnelles<\/h2>\n<p><strong>1.1 Identit\u00e9 du responsable du traitement<\/strong><\/p>\n<p>Les donn\u00e9es personnelles sont collect\u00e9es par SETSN au capital de 63 824 euros, immatricul\u00e9e au RCS de Carcassonne sous le num\u00e9ro 341249811 dont le si\u00e8ge social est situ\u00e9 au Gouffre G\u00e9ant de Cabrespine &#8211; 11160 CABRESPINE.<\/p>\n<p><strong>1.2. Collecte et traitement des donn\u00e9es personnelles<\/strong><\/p>\n<p>Le CLIENT, lors de l&#8217;achat de billet, s&#8217;engage \u00e0 fournir \u00e0 SETSN &#8211; Gouffre G\u00e9ant de Cabrespine des informations v\u00e9ritables, sinc\u00e8res et non vici\u00e9es. Les donn\u00e9es collect\u00e9es sont destin\u00e9es :<\/p>\n<p>&#8211; \u00e0 la gestion de la relation commerciale et notamment au traitement des commandes,<\/p>\n<p>&#8211; \u00e0 adresser au CLIENT des informations relatives au Gouffre G\u00e9ant de Cabrespine,<\/p>\n<p>&#8211; \u00e0 envoyer des newsletters (si le CLIENT accepte pr\u00e9alablement cet envoi),<\/p>\n<p>&#8211; \u00e0 r\u00e9aliser des analyses statistiques et \u00e9tudier les habitudes de navigation du CLIENT.<\/p>\n<p>Les informations peuvent \u00eatre adress\u00e9es au CLIENT dans le respect de la r\u00e8glementation applicable, par email.<\/p>\n<p><strong>1.3. Destinataires des Donn\u00e9es Personnelles<\/strong><\/p>\n<p>Les donn\u00e9es sont destin\u00e9es \u00e0 SETSN &#8211; Gouffre G\u00e9ant de Cabrespine.<\/p>\n<p>Le CLIENT reconna\u00eet accepter que les op\u00e9rations et traitements automatis\u00e9s des donn\u00e9es personnelles effectu\u00e9s lors de son adh\u00e9sion et post\u00e9rieurement \u00e0 l&#8217;adh\u00e9sion pourront \u00eatre r\u00e9alis\u00e9s par SETSN &#8211; Gouffre G\u00e9ant de Cabrespine.<\/p>\n<p><strong>1.4. S\u00e9curit\u00e9 et confidentialit\u00e9<\/strong><\/p>\n<p>SETSN &#8211; Gouffre G\u00e9ant de Cabrespine met en place toutes les mesures pour assurer la protection, la confidentialit\u00e9 et la s\u00e9curit\u00e9 des donn\u00e9es personnelles qui lui ont \u00e9t\u00e9 transmises par le CLIENT, et ce dans le respect des dispositions l\u00e9gales applicables.<\/p>\n<p><strong>1.5. Conservation<\/strong><\/p>\n<p>Les donn\u00e9es personnelles collect\u00e9es seront conserv\u00e9es durant toute la relation commerciale entre le CLIENT et SETSN &#8211; Gouffre G\u00e9ant de Cabrespine ainsi que pour une dur\u00e9e de 3 ans \u00e0 compter de la fin de cette relation.<\/p>\n<p><strong>1.6. Droit d&#8217;acc\u00e8s, de rectification, d&#8217;opposition et de suppression des Donn\u00e9es Personnelles<\/strong><\/p>\n<p>Conform\u00e9ment \u00e0 la loi relative \u00e0 l&#8217;informatique, aux fichiers et aux libert\u00e9s n\u00b078-17 du 6 janvier 1978, le CLIENT dispose d&#8217;un droit d&#8217;acc\u00e8s, de rectification, d&#8217;opposition et de suppression des donn\u00e9es le concernant, aupr\u00e8s de SETSN &#8211; Gouffre G\u00e9ant de Cabrespine. Pour cela, il suffit au CLIENT d&#8217;en faire la demande par \u00e9crit \u00e0 l&#8217;adresse suivante : Gouffre G\u00e9ant de Cabrespine &#8211; 11160 CABRESPINE, ou par mail \u00e0 gouffrecabrespine11@gmail.com en indiquant ses nom, pr\u00e9nom et adresse.<\/p>\n<h2>2. Cookies<\/h2>\n<p>Le site est \u00e9galement con\u00e7u pour \u00eatre particuli\u00e8rement attentif aux besoins du CLIENT, c&#8217;est pour cela que SETSN &#8211; Gouffre G\u00e9ant de Cabrespine fait usage de cookies. Les cookies sont utilis\u00e9s pour conserver les pr\u00e9f\u00e9rences du CLIENT, stocker des informations pour des choses comme les paniers d\u2019achat et fournir des donn\u00e9es de suivi anonymis\u00e9es \u00e0 des applications tierces comme Google Analytics. Le but \u00e9tant de personnaliser et de faciliter la navigation du CLIENT sur le site internet. Toutefois il est possible pour le CLIENT de refuser que les cookies soient install\u00e9s sur l&#8217;ordinateur qu&#8217;il utilise en modifiant les options de son navigateur internet.<\/p>\n<\/div><\/div><\/div><\/div><\/div>\n<span class=\"et_bloom_bottom_trigger\"><\/span>","protected":false},"excerpt":{"rendered":"","protected":false},"author":3,"featured_media":0,"parent":0,"menu_order":0,"comment_status":"closed","ping_status":"closed","template":"","meta":{"_acf_changed":false,"inline_featured_image":false,"footnotes":""},"class_list":["post-1770","page","type-page","status-publish","hentry"],"acf":[],"yoast_head":"<!-- This site is optimized with the Yoast SEO plugin v26.8 - https:\/\/yoast.com\/product\/yoast-seo-wordpress\/ -->\n<title>Protection of Personal Data - Gouffre G\u00e9ant de Cabrespine<\/title>\n<meta name=\"robots\" content=\"index, follow, max-snippet:-1, max-image-preview:large, max-video-preview:-1\" \/>\n<link rel=\"canonical\" href=\"https:\/\/www.gouffre-de-cabrespine.com\/en\/protection-of-personal-data\/\" \/>\n<meta property=\"og:locale\" content=\"en_US\" \/>\n<meta property=\"og:type\" content=\"article\" \/>\n<meta property=\"og:title\" content=\"Protection of Personal Data - Gouffre G\u00e9ant de Cabrespine\" \/>\n<meta property=\"og:url\" content=\"https:\/\/www.gouffre-de-cabrespine.com\/en\/protection-of-personal-data\/\" \/>\n<meta property=\"og:site_name\" content=\"Gouffre G\u00e9ant de Cabrespine\" \/>\n<meta property=\"article:modified_time\" content=\"2024-05-28T15:15:06+00:00\" \/>\n<meta name=\"twitter:card\" content=\"summary_large_image\" \/>\n<meta name=\"twitter:label1\" content=\"Est. reading time\" \/>\n\t<meta name=\"twitter:data1\" content=\"4 minutes\" \/>\n<script type=\"application\/ld+json\" class=\"yoast-schema-graph\">{\"@context\":\"https:\/\/schema.org\",\"@graph\":[{\"@type\":\"WebPage\",\"@id\":\"https:\/\/www.gouffre-de-cabrespine.com\/en\/protection-of-personal-data\/\",\"url\":\"https:\/\/www.gouffre-de-cabrespine.com\/en\/protection-of-personal-data\/\",\"name\":\"Protection of Personal Data - Gouffre G\u00e9ant de Cabrespine\",\"isPartOf\":{\"@id\":\"https:\/\/www.gouffre-de-cabrespine.com\/#website\"},\"datePublished\":\"2020-04-24T14:00:54+00:00\",\"dateModified\":\"2024-05-28T15:15:06+00:00\",\"breadcrumb\":{\"@id\":\"https:\/\/www.gouffre-de-cabrespine.com\/en\/protection-of-personal-data\/#breadcrumb\"},\"inLanguage\":\"en-US\",\"potentialAction\":[{\"@type\":\"ReadAction\",\"target\":[\"https:\/\/www.gouffre-de-cabrespine.com\/en\/protection-of-personal-data\/\"]}]},{\"@type\":\"BreadcrumbList\",\"@id\":\"https:\/\/www.gouffre-de-cabrespine.com\/en\/protection-of-personal-data\/#breadcrumb\",\"itemListElement\":[{\"@type\":\"ListItem\",\"position\":1,\"name\":\"Accueil\",\"item\":\"https:\/\/www.gouffre-de-cabrespine.com\/en\/\"},{\"@type\":\"ListItem\",\"position\":2,\"name\":\"Protection of Personal Data\"}]},{\"@type\":\"WebSite\",\"@id\":\"https:\/\/www.gouffre-de-cabrespine.com\/#website\",\"url\":\"https:\/\/www.gouffre-de-cabrespine.com\/\",\"name\":\"Gouffre G\u00e9ant de Cabrespine\",\"description\":\"Plongez au coeur du Gouffre G\u00e9ant de Cabrespine\",\"potentialAction\":[{\"@type\":\"SearchAction\",\"target\":{\"@type\":\"EntryPoint\",\"urlTemplate\":\"https:\/\/www.gouffre-de-cabrespine.com\/?s={search_term_string}\"},\"query-input\":{\"@type\":\"PropertyValueSpecification\",\"valueRequired\":true,\"valueName\":\"search_term_string\"}}],\"inLanguage\":\"en-US\"}]}<\/script>\n<!-- \/ Yoast SEO plugin. -->","yoast_head_json":{"title":"Protection of Personal Data - Gouffre G\u00e9ant de Cabrespine","robots":{"index":"index","follow":"follow","max-snippet":"max-snippet:-1","max-image-preview":"max-image-preview:large","max-video-preview":"max-video-preview:-1"},"canonical":"https:\/\/www.gouffre-de-cabrespine.com\/en\/protection-of-personal-data\/","og_locale":"en_US","og_type":"article","og_title":"Protection of Personal Data - Gouffre G\u00e9ant de Cabrespine","og_url":"https:\/\/www.gouffre-de-cabrespine.com\/en\/protection-of-personal-data\/","og_site_name":"Gouffre G\u00e9ant de Cabrespine","article_modified_time":"2024-05-28T15:15:06+00:00","twitter_card":"summary_large_image","twitter_misc":{"Est. reading time":"4 minutes"},"schema":{"@context":"https:\/\/schema.org","@graph":[{"@type":"WebPage","@id":"https:\/\/www.gouffre-de-cabrespine.com\/en\/protection-of-personal-data\/","url":"https:\/\/www.gouffre-de-cabrespine.com\/en\/protection-of-personal-data\/","name":"Protection of Personal Data - Gouffre G\u00e9ant de Cabrespine","isPartOf":{"@id":"https:\/\/www.gouffre-de-cabrespine.com\/#website"},"datePublished":"2020-04-24T14:00:54+00:00","dateModified":"2024-05-28T15:15:06+00:00","breadcrumb":{"@id":"https:\/\/www.gouffre-de-cabrespine.com\/en\/protection-of-personal-data\/#breadcrumb"},"inLanguage":"en-US","potentialAction":[{"@type":"ReadAction","target":["https:\/\/www.gouffre-de-cabrespine.com\/en\/protection-of-personal-data\/"]}]},{"@type":"BreadcrumbList","@id":"https:\/\/www.gouffre-de-cabrespine.com\/en\/protection-of-personal-data\/#breadcrumb","itemListElement":[{"@type":"ListItem","position":1,"name":"Accueil","item":"https:\/\/www.gouffre-de-cabrespine.com\/en\/"},{"@type":"ListItem","position":2,"name":"Protection of Personal Data"}]},{"@type":"WebSite","@id":"https:\/\/www.gouffre-de-cabrespine.com\/#website","url":"https:\/\/www.gouffre-de-cabrespine.com\/","name":"Gouffre G\u00e9ant de Cabrespine","description":"Plongez au coeur du Gouffre G\u00e9ant de Cabrespine","potentialAction":[{"@type":"SearchAction","target":{"@type":"EntryPoint","urlTemplate":"https:\/\/www.gouffre-de-cabrespine.com\/?s={search_term_string}"},"query-input":{"@type":"PropertyValueSpecification","valueRequired":true,"valueName":"search_term_string"}}],"inLanguage":"en-US"}]}},"_links":{"self":[{"href":"https:\/\/www.gouffre-de-cabrespine.com\/en\/wp-json\/wp\/v2\/pages\/1770","targetHints":{"allow":["GET"]}}],"collection":[{"href":"https:\/\/www.gouffre-de-cabrespine.com\/en\/wp-json\/wp\/v2\/pages"}],"about":[{"href":"https:\/\/www.gouffre-de-cabrespine.com\/en\/wp-json\/wp\/v2\/types\/page"}],"author":[{"embeddable":true,"href":"https:\/\/www.gouffre-de-cabrespine.com\/en\/wp-json\/wp\/v2\/users\/3"}],"replies":[{"embeddable":true,"href":"https:\/\/www.gouffre-de-cabrespine.com\/en\/wp-json\/wp\/v2\/comments?post=1770"}],"version-history":[{"count":4,"href":"https:\/\/www.gouffre-de-cabrespine.com\/en\/wp-json\/wp\/v2\/pages\/1770\/revisions"}],"predecessor-version":[{"id":8066,"href":"https:\/\/www.gouffre-de-cabrespine.com\/en\/wp-json\/wp\/v2\/pages\/1770\/revisions\/8066"}],"wp:attachment":[{"href":"https:\/\/www.gouffre-de-cabrespine.com\/en\/wp-json\/wp\/v2\/media?parent=1770"}],"curies":[{"name":"wp","href":"https:\/\/api.w.org\/{rel}","templated":true}]}}