{"id":451,"date":"2020-03-05T14:49:05","date_gmt":"2020-03-05T13:49:05","guid":{"rendered":"https:\/\/www.gouffre-de-cabrespine.com\/homepage\/"},"modified":"2025-10-09T22:57:41","modified_gmt":"2025-10-09T20:57:41","slug":"homepage","status":"publish","type":"page","link":"https:\/\/www.gouffre-de-cabrespine.com\/ca\/","title":{"rendered":"Inici"},"content":{"rendered":"<p><div class=\"fusion-fullwidth fullwidth-box fusion-builder-row-1 nonhundred-percent-fullwidth non-hundred-percent-height-scrolling\" style=\"--awb-border-radius-top-left:0px;--awb-border-radius-top-right:0px;--awb-border-radius-bottom-right:0px;--awb-border-radius-bottom-left:0px;--awb-flex-wrap:wrap;\" id=\"home_container_1\" ><div class=\"fusion-builder-row fusion-row\"><div class=\"fusion-layout-column fusion_builder_column fusion-builder-column-0 fusion_builder_column_1_3 1_3 fusion-one-third fusion-column-first\" style=\"--awb-bg-size:cover;width:33.333333333333%;width:calc(33.333333333333% - ( ( 4% + 4% ) * 0.33333333333333 ) );margin-right: 4%;\"><div class=\"fusion-column-wrapper fusion-column-has-shadow fusion-flex-column-wrapper-legacy\"><div class=\"fusion-image-element in-legacy-container\" style=\"--awb-max-width:90px;--awb-caption-title-font-family:var(--h2_typography-font-family);--awb-caption-title-font-weight:var(--h2_typography-font-weight);--awb-caption-title-font-style:var(--h2_typography-font-style);--awb-caption-title-size:var(--h2_typography-font-size);--awb-caption-title-transform:var(--h2_typography-text-transform);--awb-caption-title-line-height:var(--h2_typography-line-height);--awb-caption-title-letter-spacing:var(--h2_typography-letter-spacing);\"><span class=\" fusion-imageframe imageframe-none imageframe-1 hover-type-none\"><img decoding=\"async\" width=\"89\" height=\"87\" src=\"https:\/\/www.gouffre-de-cabrespine.com\/wp-content\/uploads\/2020\/03\/Objet-dynamique-vectoriel-3.png\" alt class=\"img-responsive wp-image-369\" srcset=\"https:\/\/www.gouffre-de-cabrespine.com\/wp-content\/uploads\/2020\/03\/Objet-dynamique-vectoriel-3-66x66.png 66w, https:\/\/www.gouffre-de-cabrespine.com\/wp-content\/uploads\/2020\/03\/Objet-dynamique-vectoriel-3.png 89w\" sizes=\"(max-width: 89px) 100vw, 89px\" \/><\/span><\/div><div class=\"fusion-text fusion-text-1\"><h2>Escull la teva visita<\/h2>\n<p>L\u2019Avenc gegant de Cabrespina, amb les seves dimensions excepcionals, li permet admirar el que el m\u00f3n subterrani ofereix m\u00e9s m\u00e0gic i espectacular. Descobreix 3 maneres de visitar-la amb seguretat.<\/p>\n<p><a href=\"#activities\">Descobrir<\/a><\/p>\n<\/div><div class=\"fusion-clearfix\"><\/div><\/div><\/div><div class=\"fusion-layout-column fusion_builder_column fusion-builder-column-1 fusion_builder_column_1_3 1_3 fusion-one-third\" style=\"--awb-bg-size:cover;width:33.333333333333%;width:calc(33.333333333333% - ( ( 4% + 4% ) * 0.33333333333333 ) );margin-right: 4%;\"><div class=\"fusion-column-wrapper fusion-column-has-shadow fusion-flex-column-wrapper-legacy\"><div class=\"fusion-image-element in-legacy-container\" style=\"--awb-max-width:90px;--awb-caption-title-font-family:var(--h2_typography-font-family);--awb-caption-title-font-weight:var(--h2_typography-font-weight);--awb-caption-title-font-style:var(--h2_typography-font-style);--awb-caption-title-size:var(--h2_typography-font-size);--awb-caption-title-transform:var(--h2_typography-text-transform);--awb-caption-title-line-height:var(--h2_typography-line-height);--awb-caption-title-letter-spacing:var(--h2_typography-letter-spacing);\"><span class=\" fusion-imageframe imageframe-none imageframe-2 hover-type-none\"><img decoding=\"async\" width=\"96\" height=\"87\" src=\"https:\/\/www.gouffre-de-cabrespine.com\/wp-content\/uploads\/2020\/06\/picto-ticket-02.svg\" alt class=\"img-responsive wp-image-1491\"\/><\/span><\/div><div class=\"fusion-text fusion-text-2\"><h2>Compra les teves entrades<\/h2>\n<p>Per visitar a l&#8217;avenc, podeu comprar les entrades a la nostra p\u00e0gina web o directament a la recepci\u00f3 del lloc el mateix dia. Per a activitats del parc d&#8217;aventura, la reserva \u00e9s obligat\u00f2ria.<\/p>\n<p><a href=\"https:\/\/www.gouffre-de-cabrespine.com\/ca\/preus-taquilla\/\">Reserva<\/a><\/p>\n<\/div><div class=\"fusion-clearfix\"><\/div><\/div><\/div><div class=\"fusion-layout-column fusion_builder_column fusion-builder-column-2 fusion_builder_column_1_3 1_3 fusion-one-third fusion-column-last\" style=\"--awb-bg-size:cover;width:33.333333333333%;width:calc(33.333333333333% - ( ( 4% + 4% ) * 0.33333333333333 ) );\"><div class=\"fusion-column-wrapper fusion-column-has-shadow fusion-flex-column-wrapper-legacy\"><div class=\"fusion-image-element in-legacy-container\" style=\"--awb-max-width:95px;--awb-caption-title-font-family:var(--h2_typography-font-family);--awb-caption-title-font-weight:var(--h2_typography-font-weight);--awb-caption-title-font-style:var(--h2_typography-font-style);--awb-caption-title-size:var(--h2_typography-font-size);--awb-caption-title-transform:var(--h2_typography-text-transform);--awb-caption-title-line-height:var(--h2_typography-line-height);--awb-caption-title-letter-spacing:var(--h2_typography-letter-spacing);\"><span class=\" fusion-imageframe imageframe-none imageframe-3 hover-type-none\"><img decoding=\"async\" width=\"95\" height=\"90\" src=\"https:\/\/www.gouffre-de-cabrespine.com\/wp-content\/uploads\/2020\/03\/Objet-dynamique-vectoriel-2-1.png\" alt class=\"img-responsive wp-image-377\"\/><\/span><\/div><div class=\"fusion-text fusion-text-3\"><h2>Venir a l&#8217;avenc<\/h2>\n<p>L&#8217;Avenc est\u00e0 situat a la regi\u00f3 Occitanie, a 30 minuts al nord de Carcassona. El c\u00e0mping t\u00e9 vista sobre el petit poble de Cabrespine, al cor de les gorges de Clamoux.<\/p>\n<p><a href=\"https:\/\/www.gouffre-de-cabrespine.com\/ca\/venir-a-lavenc\/\">Itinerari<\/a><\/p>\n<\/div><div class=\"fusion-clearfix\"><\/div><\/div><\/div><\/div><\/div><div class=\"fusion-fullwidth fullwidth-box fusion-builder-row-2 nonhundred-percent-fullwidth non-hundred-percent-height-scrolling\" style=\"--awb-border-radius-top-left:0px;--awb-border-radius-top-right:0px;--awb-border-radius-bottom-right:0px;--awb-border-radius-bottom-left:0px;--awb-flex-wrap:wrap;\" id=\"home_container_2\" ><div class=\"fusion-builder-row fusion-row\"><\/div><\/div><\/p>\n<span class=\"et_bloom_bottom_trigger\"><\/span>","protected":false},"excerpt":{"rendered":"","protected":false},"author":1,"featured_media":0,"parent":0,"menu_order":0,"comment_status":"closed","ping_status":"closed","template":"template-homepage.php","meta":{"_acf_changed":false,"inline_featured_image":false,"footnotes":""},"class_list":["post-451","page","type-page","status-publish","hentry"],"acf":[],"yoast_head":"<!-- This site is optimized with the Yoast SEO plugin v26.8 - https:\/\/yoast.com\/product\/yoast-seo-wordpress\/ -->\n<title>Inici - Gouffre G\u00e9ant de Cabrespine<\/title>\n<meta name=\"robots\" content=\"index, follow, max-snippet:-1, max-image-preview:large, max-video-preview:-1\" \/>\n<link rel=\"canonical\" href=\"https:\/\/www.gouffre-de-cabrespine.com\/ca\/\" \/>\n<meta property=\"og:locale\" content=\"ca_ES\" \/>\n<meta property=\"og:type\" content=\"article\" \/>\n<meta property=\"og:title\" content=\"Inici - Gouffre G\u00e9ant de Cabrespine\" \/>\n<meta property=\"og:url\" content=\"https:\/\/www.gouffre-de-cabrespine.com\/ca\/\" \/>\n<meta property=\"og:site_name\" content=\"Gouffre G\u00e9ant de Cabrespine\" \/>\n<meta property=\"article:modified_time\" content=\"2025-10-09T20:57:41+00:00\" \/>\n<meta name=\"twitter:card\" content=\"summary_large_image\" \/>\n<meta name=\"twitter:label1\" content=\"Temps estimat de lectura\" \/>\n\t<meta name=\"twitter:data1\" content=\"7 minuts\" \/>\n<script type=\"application\/ld+json\" class=\"yoast-schema-graph\">{\"@context\":\"https:\/\/schema.org\",\"@graph\":[{\"@type\":\"WebPage\",\"@id\":\"https:\/\/www.gouffre-de-cabrespine.com\/ca\/\",\"url\":\"https:\/\/www.gouffre-de-cabrespine.com\/ca\/\",\"name\":\"Inici - Gouffre G\u00e9ant de Cabrespine\",\"isPartOf\":{\"@id\":\"https:\/\/www.gouffre-de-cabrespine.com\/#website\"},\"datePublished\":\"2020-03-05T13:49:05+00:00\",\"dateModified\":\"2025-10-09T20:57:41+00:00\",\"breadcrumb\":{\"@id\":\"https:\/\/www.gouffre-de-cabrespine.com\/ca\/#breadcrumb\"},\"inLanguage\":\"ca\",\"potentialAction\":[{\"@type\":\"ReadAction\",\"target\":[\"https:\/\/www.gouffre-de-cabrespine.com\/ca\/\"]}]},{\"@type\":\"BreadcrumbList\",\"@id\":\"https:\/\/www.gouffre-de-cabrespine.com\/ca\/#breadcrumb\",\"itemListElement\":[{\"@type\":\"ListItem\",\"position\":1,\"name\":\"Accueil\",\"item\":\"https:\/\/www.gouffre-de-cabrespine.com\/ca\/\"},{\"@type\":\"ListItem\",\"position\":2,\"name\":\"Inici\"}]},{\"@type\":\"WebSite\",\"@id\":\"https:\/\/www.gouffre-de-cabrespine.com\/#website\",\"url\":\"https:\/\/www.gouffre-de-cabrespine.com\/\",\"name\":\"Gouffre G\u00e9ant de Cabrespine\",\"description\":\"Plongez au coeur du Gouffre G\u00e9ant de Cabrespine\",\"potentialAction\":[{\"@type\":\"SearchAction\",\"target\":{\"@type\":\"EntryPoint\",\"urlTemplate\":\"https:\/\/www.gouffre-de-cabrespine.com\/?s={search_term_string}\"},\"query-input\":{\"@type\":\"PropertyValueSpecification\",\"valueRequired\":true,\"valueName\":\"search_term_string\"}}],\"inLanguage\":\"ca\"}]}<\/script>\n<!-- \/ Yoast SEO plugin. -->","yoast_head_json":{"title":"Inici - Gouffre G\u00e9ant de Cabrespine","robots":{"index":"index","follow":"follow","max-snippet":"max-snippet:-1","max-image-preview":"max-image-preview:large","max-video-preview":"max-video-preview:-1"},"canonical":"https:\/\/www.gouffre-de-cabrespine.com\/ca\/","og_locale":"ca_ES","og_type":"article","og_title":"Inici - Gouffre G\u00e9ant de Cabrespine","og_url":"https:\/\/www.gouffre-de-cabrespine.com\/ca\/","og_site_name":"Gouffre G\u00e9ant de Cabrespine","article_modified_time":"2025-10-09T20:57:41+00:00","twitter_card":"summary_large_image","twitter_misc":{"Temps estimat de lectura":"7 minuts"},"schema":{"@context":"https:\/\/schema.org","@graph":[{"@type":"WebPage","@id":"https:\/\/www.gouffre-de-cabrespine.com\/ca\/","url":"https:\/\/www.gouffre-de-cabrespine.com\/ca\/","name":"Inici - Gouffre G\u00e9ant de Cabrespine","isPartOf":{"@id":"https:\/\/www.gouffre-de-cabrespine.com\/#website"},"datePublished":"2020-03-05T13:49:05+00:00","dateModified":"2025-10-09T20:57:41+00:00","breadcrumb":{"@id":"https:\/\/www.gouffre-de-cabrespine.com\/ca\/#breadcrumb"},"inLanguage":"ca","potentialAction":[{"@type":"ReadAction","target":["https:\/\/www.gouffre-de-cabrespine.com\/ca\/"]}]},{"@type":"BreadcrumbList","@id":"https:\/\/www.gouffre-de-cabrespine.com\/ca\/#breadcrumb","itemListElement":[{"@type":"ListItem","position":1,"name":"Accueil","item":"https:\/\/www.gouffre-de-cabrespine.com\/ca\/"},{"@type":"ListItem","position":2,"name":"Inici"}]},{"@type":"WebSite","@id":"https:\/\/www.gouffre-de-cabrespine.com\/#website","url":"https:\/\/www.gouffre-de-cabrespine.com\/","name":"Gouffre G\u00e9ant de Cabrespine","description":"Plongez au coeur du Gouffre G\u00e9ant de Cabrespine","potentialAction":[{"@type":"SearchAction","target":{"@type":"EntryPoint","urlTemplate":"https:\/\/www.gouffre-de-cabrespine.com\/?s={search_term_string}"},"query-input":{"@type":"PropertyValueSpecification","valueRequired":true,"valueName":"search_term_string"}}],"inLanguage":"ca"}]}},"_links":{"self":[{"href":"https:\/\/www.gouffre-de-cabrespine.com\/ca\/wp-json\/wp\/v2\/pages\/451","targetHints":{"allow":["GET"]}}],"collection":[{"href":"https:\/\/www.gouffre-de-cabrespine.com\/ca\/wp-json\/wp\/v2\/pages"}],"about":[{"href":"https:\/\/www.gouffre-de-cabrespine.com\/ca\/wp-json\/wp\/v2\/types\/page"}],"author":[{"embeddable":true,"href":"https:\/\/www.gouffre-de-cabrespine.com\/ca\/wp-json\/wp\/v2\/users\/1"}],"replies":[{"embeddable":true,"href":"https:\/\/www.gouffre-de-cabrespine.com\/ca\/wp-json\/wp\/v2\/comments?post=451"}],"version-history":[{"count":16,"href":"https:\/\/www.gouffre-de-cabrespine.com\/ca\/wp-json\/wp\/v2\/pages\/451\/revisions"}],"predecessor-version":[{"id":10314,"href":"https:\/\/www.gouffre-de-cabrespine.com\/ca\/wp-json\/wp\/v2\/pages\/451\/revisions\/10314"}],"wp:attachment":[{"href":"https:\/\/www.gouffre-de-cabrespine.com\/ca\/wp-json\/wp\/v2\/media?parent=451"}],"curies":[{"name":"wp","href":"https:\/\/api.w.org\/{rel}","templated":true}]}}